{"id":2606,"date":"2016-03-16T13:41:36","date_gmt":"2016-03-16T13:41:36","guid":{"rendered":"https:\/\/autotranscais.com\/testemunhos\/"},"modified":"2025-08-08T10:24:58","modified_gmt":"2025-08-08T10:24:58","slug":"testemunhos","status":"publish","type":"page","link":"https:\/\/autotranscais.com\/es\/testemunhos\/","title":{"rendered":"Testimonios"},"content":{"rendered":"<p>[vc_row el_class=\u00bbcontainer\u00bb css=\u00bb.vc_custom_1459343264192{padding-top: 16px !important;padding-right: 0px !important;padding-left: 0px !important;}\u00bb][vc_column]<div class=\"testimonial-block-widget \"><div class=\"owl-carousel-testimonial-block-40044666 owl-theme\"><div class=\"item\"><div class=\"testimonial-block-widget-content-area-columns themeonecolor\"><div class=\"testimonial-block-widget-content-area animate anim-fadeIn animate-delay-0\"><div class=\"testimonial-block-item-content\"><p>Buenas tardes Estimados Se\u00f1ores, por la presente felicito a su empresa por contar con empleados ejemplares. Cuando nos gusta el servicio, cuesta lo mismo que quejarse, alabar. El 3 de marzo de 2019 tuve la desgracia de que mi auto se descompusiera en una cordillera lejos de mi residencia, donde pens\u00e9 que iba a ver una hermosa vista, termin\u00e9 teniendo este incidente. Despu\u00e9s de llamar a Travel Assistance, no hizo falta casi nada, lleg\u00f3 su empleado, de ciudadan\u00eda moldava, amable y afable. Siempre estuvo con nosotros hasta que apareci\u00f3 el taxista ciudadano portugu\u00e9s, que hizo un trabajo terrible. Este correo electr\u00f3nico sirve para dar Honor a quienes lo merecen. S\u00e9 que el se\u00f1or (no s\u00e9 su nombre), estaba terminando su turno, que a su vez extend\u00eda m\u00e1s de 2 horas de su turno, para no dejarnos solos en una sierra nocturna y en lo desconocido, incluso teniendo su El turno termin\u00f3, probablemente una familia esperando la cena, este Sr. era una Humanidad maravillosa. Siempre comunicativo, amable y afable. Quiero dar las gracias a este se\u00f1or Moldavo, as\u00ed como una disculpa a su familia por la demora en llegar a casa. A su empresa, felicitarle por la contrataci\u00f3n de este Se\u00f1or, que, a pesar de no ser portugu\u00e9s, ha hecho m\u00e1s que muchos portugueses, el Coraz\u00f3n de una persona no tiene Nacionalidades. Gracias a todos ustedes. - 5 de marzo de 2019<\/p><\/div><div class=\"testimonial-block-item-name\"><span class=\"name\" style=\"color:#444444;\">Ana Margarida Coimbra<\/span><span class=\"company\">Jos\u00e9 Osvaldo Gomes &amp; Asociados<\/span><\/div><\/div><div class=\"testimonial-block-widget-content-area animate anim-fadeIn animate-delay-0-25\"><div class=\"testimonial-block-item-content\"><p>Estimados se\u00f1ores: Ayer 8, su empresa realiz\u00f3 un servicio de gr\u00faa que estaba resultando dif\u00edcil. Quiero felicitar al Sr. Carlos Ma\u00e7arico por su diligente y buen servicio con competencia y tranquilidad. Les agradezco por transmitir este agradecimiento.<\/p><\/div><div class=\"testimonial-block-item-name\"><span class=\"name\" style=\"color:#444444;\">Lu\u00eds Rego<\/span><\/div><\/div><\/div><div class=\"testimonial-block-widget-content-area-columns themeonecolor\"><div class=\"testimonial-block-widget-content-area animate anim-fadeIn animate-delay-0-50\"><div class=\"testimonial-block-item-content\"><p>La Asociaci\u00f3n Humanitaria de Bomberos Voluntarios de Alcabideche agradece as\u00ed p\u00fablicamente a AutoTranscais el apoyo brindado a lo largo de los a\u00f1os en el transporte de veh\u00edculos, por aver\u00eda o accidente, de este Cuerpo de Bomberos. Hasta la fecha, las varias veces que hemos solicitado el apoyo de esta empresa, nunca se nos ha cobrado por ning\u00fan servicio y se ha brindado asistencia con un excelente servicio. Este apoyo es fundamental para que nuestra Asociaci\u00f3n pueda destinar los fondos que se gastar\u00edan en estos servicios en inversiones para mejorar la capacidad de intervenci\u00f3n con la poblaci\u00f3n que atendemos. Sin duda, este gesto retrata la responsabilidad social de AutoTranscais. Ahora estamos disponibles para lo que consideres necesario.<\/p><\/div><div class=\"testimonial-block-item-name\"><span class=\"name\" style=\"color:#444444;\">Dr. Jos\u00e9 Manuel Gomes<\/span><span class=\"company\">Asociaci\u00f3n Humanitaria Bomberos de Alcabideche<\/span><\/div><\/div><div class=\"testimonial-block-widget-content-area animate anim-fadeIn animate-delay-0-75\"><div class=\"testimonial-block-item-content\"><p>En varias ocasiones, hemos utilizado los servicios de Auto Transcais para remolcar los veh\u00edculos de nuestro Departamento de Bomberos debido a aver\u00edas o accidentes. Hasta la fecha, los servicios que nos ha brindado nunca se han cobrado por lo que vimos con usted. Agradecer toda la atenci\u00f3n y disponibilidad para ayudarnos de forma gratuita y as\u00ed ahorrar cantidades bastante importantes, permiti\u00e9ndonos as\u00ed realizar otras inversiones para mejorar la capacidad de intervenir con la poblaci\u00f3n que atendemos, as\u00ed que muchas gracias. Reiterando nuestro m\u00e1s sincero agradecimiento y estando ahora a su entera disposici\u00f3n, Exc. para lo que estime necesario, lo suscribimos con gran estima y consideraci\u00f3n.<\/p><\/div><div class=\"testimonial-block-item-name\"><span class=\"name\" style=\"color:#444444;\">Carlos Martins<\/span><span class=\"company\">Asociaci\u00f3n Humanitaria Bomberos de Alcabideche<\/span><\/div><\/div><\/div><\/div><div class=\"item\"><div class=\"testimonial-block-widget-content-area-columns themeonecolor\"><div class=\"testimonial-block-widget-content-area animate anim-fadeIn animate-delay-0\"><div class=\"testimonial-block-item-content\"><p>Estimado Frederico Chambel Gomes. Felicito a su empresa por el servicio brindado por su empleado ``Foga\u00e7a``, quien gracias a su profesionalidad hizo posible que mi motocicleta no tuviera que ser trasladada al taller, de donde ven\u00eda hace d\u00edas. El servicio al que me refiero tuvo lugar el pasado lunes al final del d\u00eda. Felicitaciones por tener empleados as\u00ed. Gracias por su profesionalismo.<\/p><\/div><div class=\"testimonial-block-item-name\"><span class=\"name\" style=\"color:#444444;\">Prof. Enoque Miguel Ferreira <\/span><span class=\"company\">Escolinha do Largo<\/span><\/div><\/div><div class=\"testimonial-block-widget-content-area animate anim-fadeIn animate-delay-0-25\"><div class=\"testimonial-block-item-content\"><p>Estimado se\u00f1or, Este correo electr\u00f3nico sirve para felicitar su servicio de remolque antes mencionado. Fue realizado por autoTranscascais y la excelencia del servicio se debe principalmente al joven conductor Jos\u00e9 Costa: positivo, ingenioso, amable, excelente natural y trato muy competente. Rara vez tomo iniciativas de este tipo, pero en este caso me sent\u00ed obligado a hacerlo.<\/p><\/div><div class=\"testimonial-block-item-name\"><span class=\"name\" style=\"color:#444444;\">Frederico Villas-Boas<\/span><\/div><\/div><\/div><div class=\"testimonial-block-widget-content-area-columns themeonecolor\"><div class=\"testimonial-block-widget-content-area animate anim-fadeIn animate-delay-0-50\"><div class=\"testimonial-block-item-content\"><p>Por la presente vengo a elogiar a su colaborador Jos\u00e9 Ant\u00f3nio, que hoy asisti\u00f3 a mi coche. Amable, disponible, atento y muy profesional. Aqu\u00ed les dejo mi piropo y mi agradecimiento. Es muy bueno tener profesionales de este valor a su servicio.<\/p><\/div><div class=\"testimonial-block-item-name\"><span class=\"name\" style=\"color:#444444;\">Fernando Franco<\/span><\/div><\/div><div class=\"testimonial-block-widget-content-area animate anim-fadeIn animate-delay-0-75\"><div class=\"testimonial-block-item-content\"><p>Exmos. Se\u00f1ores, en el pasado 23-03-2016, lo han hecho. remolcaron nuestra ambulancia de matr\u00edcula 19-CI-74 a un taller en Murtal, para ser sometida a un informe pericial, debido a un accidente de tr\u00e1fico. Agradecemos el amable gesto al considerar el servicio de gr\u00faa como gratuito. GRACIAS. Saludos cordiales - 24 de marzo de 2016<\/p><\/div><div class=\"testimonial-block-item-name\"><span class=\"name\" style=\"color:#444444;\">Amilcar Espinha <\/span><span class=\"company\">Asociaci\u00f3n Humanitaria de Bomberos Voluntarios de Carcavelos y S. Domingos de Rana<\/span><\/div><\/div><\/div><\/div><div class=\"item\"><div class=\"testimonial-block-widget-content-area-columns themeonecolor\"><div class=\"testimonial-block-widget-content-area animate anim-fadeIn animate-delay-0\"><div class=\"testimonial-block-item-content\"><p>Supimos por el Coordinador del Sector de Equipos y Veh\u00edculos de esta Escuela, que se dign\u00f3 ofrecer el transporte de un tractor al Cuerpo Nacional de Bomberos. Es un gesto meritorio que alabamos con gusto, expresando el agradecimiento m\u00e1s v\u00edvido. Usted asume la actitud de Su Excelencia, tambi\u00e9n de relevancia c\u00edvica, ya que la oferta est\u00e1 dirigida a mejorar las condiciones de formaci\u00f3n de los bomberos portugueses, pilar central de nuestro sistema de protecci\u00f3n y asistencia. Agradecidos, expresamos nuestra m\u00e1s alta consideraci\u00f3n. Con los mejores saludos. - 24 de octubre de 2016<\/p><\/div><div class=\"testimonial-block-item-name\"><span class=\"name\" style=\"color:#444444;\">Dr. Jos\u00e9 Maria Ferreira <\/span><span class=\"company\">Escola Nacional de Bombeiros<\/span><\/div><\/div><div class=\"testimonial-block-widget-content-area animate anim-fadeIn animate-delay-0-25\"><div class=\"testimonial-block-item-content\"><p>En primer lugar, me gustar\u00eda agradecer al Sr. Reis, conductor de la sala de emergencias, por su disponibilidad, profesionalidad y amabilidad que mostr\u00f3 el d\u00eda del accidente. Fue una ayuda importante en un momento de desesperaci\u00f3n y confusi\u00f3n.v<\/p><\/div><div class=\"testimonial-block-item-name\"><span class=\"name\" style=\"color:#444444;\">Frederico Martins<\/span><\/div><\/div><\/div><div class=\"testimonial-block-widget-content-area-columns themeonecolor\"><div class=\"testimonial-block-widget-content-area animate anim-fadeIn animate-delay-0-50\"><div class=\"testimonial-block-item-content\"><p>Ahora hemos venido a expresar nuestro agradecimiento por el excelente trabajo realizado en Inglaterra y una vez m\u00e1s expresamos nuestro m\u00e1s sincero agradecimiento.<\/p><\/div><div class=\"testimonial-block-item-name\"><span class=\"name\" style=\"color:#444444;\">Manrico Iachia <\/span><span class=\"company\">ACP <\/span><\/div><\/div><div class=\"testimonial-block-widget-content-area animate anim-fadeIn animate-delay-0-75\"><div class=\"testimonial-block-item-content\"><p>Por la presente vengo a agradecer la profesionalidad con la que me atendi\u00f3, por parte del Sr. Carlos, el 27 de marzo a las 22\/23h, en la gasolinera BP de Oeiras. El problema se resolvi\u00f3 por completo.<\/p><\/div><div class=\"testimonial-block-item-name\"><span class=\"name\" style=\"color:#444444;\">Maria do Carmo Prazeres<\/span><\/div><\/div><\/div><\/div><div class=\"item\"><div class=\"testimonial-block-widget-content-area-columns themeonecolor\"><div class=\"testimonial-block-widget-content-area animate anim-fadeIn animate-delay-0\"><div class=\"testimonial-block-item-content\"><p>Agradezco el servicio brindado por el Sr. Munha, en el transporte del veh\u00edculo al taller, en la ma\u00f1ana del d\u00eda 18. Destaco la profesionalidad, competencia y amabilidad que ha patentado. Excelente profesional que recomiendo.<\/p><\/div><div class=\"testimonial-block-item-name\"><span class=\"name\" style=\"color:#444444;\">Jo\u00e3o Morais Sarmento<\/span><\/div><\/div><div class=\"testimonial-block-widget-content-area animate anim-fadeIn animate-delay-0-25\"><div class=\"testimonial-block-item-content\"><p>Exm \u00b0 s. Se\u00f1ores, por la presente lo hemos puesto en conocimiento. el agradecimiento expresado por un Socio, por la forma en que fue atendido por esa firma, cuando el veh\u00edculo MERCEDES E 320 CDI funcion\u00f3 mal, que estaba en Alcabideche, el 27 de julio, pp. Con los deseos de continuaci\u00f3n de la m\u00e1s fruct\u00edfera colaboraci\u00f3n, ofrecemos nuestros mejores deseos.<\/p><\/div><div class=\"testimonial-block-item-name\"><span class=\"name\" style=\"color:#444444;\">Santos Mateus <\/span><span class=\"company\"> ACP<\/span><\/div><\/div><\/div><div class=\"testimonial-block-widget-content-area-columns themeonecolor\"><div class=\"testimonial-block-widget-content-area animate anim-fadeIn animate-delay-0-50\"><div class=\"testimonial-block-item-content\"><p>Por la presente vengo a felicitar a su empresa por contar con empleados ejemplares. Cuando nos gusta el servicio, cuesta lo mismo que quejarse, alabar. El 3 de marzo de 2019 tuve la desgracia de que mi auto se descompusiera en una cordillera lejos de mi residencia, donde pens\u00e9 que iba a ver una hermosa vista, termin\u00e9 teniendo este incidente. Despu\u00e9s de llamar a Travel Assistance, no hizo falta casi nada, lleg\u00f3 su empleado, de ciudadan\u00eda moldava, amable y afable. Siempre estuvo con nosotros hasta que apareci\u00f3 el taxista ciudadano portugu\u00e9s, que hizo un trabajo terrible. Este correo electr\u00f3nico sirve para dar Honor a quienes lo merecen. S\u00e9 que el se\u00f1or (no s\u00e9 su nombre), estaba terminando su turno, que a su vez extend\u00eda m\u00e1s de 2 horas de su turno, para no dejarnos solos en una sierra de noche y en lo desconocido, incluso habiendo terminado su turno, probablemente una familia esperando la cena, este Sr. era una Humanidad maravillosa. Siempre comunicativo, amable y afable. Quiero dar las gracias a este se\u00f1or Moldavo, as\u00ed como una disculpa a su familia por la demora en llegar a casa. A su empresa, felicitarle por la contrataci\u00f3n de este Se\u00f1or, que, a pesar de no ser portugu\u00e9s, ha hecho m\u00e1s que muchos portugueses, el Coraz\u00f3n de una persona no tiene Nacionalidades.<\/p><\/div><div class=\"testimonial-block-item-name\"><span class=\"name\" style=\"color:#444444;\">Patricia Janeiro Peniche<\/span><\/div><\/div><div class=\"testimonial-block-widget-content-area animate anim-fadeIn animate-delay-0-75\"><div class=\"testimonial-block-item-content\"><p>Por la presente le expresamos, nuestro agradecimiento por la pronta y r\u00e1pida manera en que pusimos a nuestra disposici\u00f3n su remolque de mercanc\u00edas pesadas, para trasladar nuestro robusto veh\u00edculo ASPO1 al taller de Esmoriz. Saludos cordiales, suscribimos con pensamiento y consideraci\u00f3n, con mimo.<\/p><\/div><div class=\"testimonial-block-item-name\"><span class=\"name\" style=\"color:#444444;\">Asociaci\u00f3n de Bomberos Voluntarios de Estoris<\/span><\/div><\/div><\/div><\/div><div class=\"item\"><div class=\"testimonial-block-widget-content-area-columns themeonecolor\"><div class=\"testimonial-block-widget-content-area animate anim-fadeIn animate-delay-0\"><div class=\"testimonial-block-item-content\"><p>Con el inicio de cada a\u00f1o, es natural revisar qu\u00e9 se ha hecho y qu\u00e9 apoyo tenemos para lograr estos objetivos. Algunas entidades y epis\u00f3dicamente han garantizado a esta Asociaci\u00f3n el apoyo necesario. Otros, m\u00e1s que un apoyo epis\u00f3dico, buscan garantizarlo sistem\u00e1ticamente dando a conocer que siempre est\u00e1n disponibles para ayudar. Entre estos, que son muy pocos, incluimos, con especial protagonismo y admiraci\u00f3n, a esta Compa\u00f1\u00eda y, en particular, a nuestro Querido Amigo. La ayuda que nos hab\u00e9is brindado y la total disposici\u00f3n a seguir haci\u00e9ndolo es para nosotros un gran agradecimiento por el sentimiento de generosidad y amistad que tan bien se expresa. Ante las dificultades y problemas que se dan a diario en Asociaciones como la nuestra, tambi\u00e9n surgen, a trav\u00e9s de momentos de consternaci\u00f3n, como es natural. La forma de combatir este des\u00e1nimo es recordar el respeto que nos merecemos, no solo los hombres y mujeres del cuerpo de bomberos, sino tambi\u00e9n los amigos que creen en nosotros y no nos abandonan en tiempos dif\u00edciles. Nuestro Querido Amigo tiene leg\u00edtimamente un lugar especial en este grupo tan peque\u00f1o. \u00a1Pues gracias por el apoyo que nos hab\u00e9is brindado!<\/p><\/div><div class=\"testimonial-block-item-name\"><span class=\"name\" style=\"color:#444444;\">Rui Rama da Silva <\/span><span class=\"company\">Asociaci\u00f3n de Bomberos Voluntarios de Cascais<\/span><\/div><\/div><\/div><div class=\"testimonial-block-widget-content-area-columns themeonecolor\"><div class=\"testimonial-block-widget-content-area animate anim-fadeIn animate-delay-0-50\"><div class=\"testimonial-block-item-content\"><p>Buenas tardes. Acabo de hacer un tr\u00e1iler con un conductor brasile\u00f1o que olvid\u00f3 el nombre de Praceta Pedro Reinel en Cascais hasta S\u00e3o Domingos de Rana y quer\u00eda decir que el servicio brindado era el mejor posible. Muchas gracias. - 12 de septiembre de 2019<\/p><\/div><div class=\"testimonial-block-item-name\"><span class=\"name\" style=\"color:#444444;\">Jo\u00e3o Pedro Gurgel<\/span><\/div><\/div><\/div><\/div><\/div><\/div><script>\r\n\t\t\t\t\t\t\tjQuery(document).ready(function($){\r\n\t\t\t\t\t\t\t\t\/*$('.owl-carousel-testimonial-block-40044666').owlCarousel({\r\n\t\t\t\t\t\t\t\t\tloop:true,\r\n\t\t\t\t\t\t\t\t\tnav:false,\r\n\t\t\t\t\t\t\t\t\tmargin:65,\r\n\t\t\t\t\t\t\t\t\tdots:true,\r\n\t\t\t\t\t\t\t\t\tresponsive:{\r\n\t\t\t\t\t\t\t\t\t\t0:{\r\n\t\t\t\t\t\t\t\t\t\t\titems:1,\r\n\t\t\t\t\t\t\t\t\t\t}\r\n\t\t\t\t\t\t\t\t\t}\r\n\t\t\t\t\t\t\t\t});\r\n\t\t\t\t\t\t\t\t\r\n\t\t\t\t\t\t\t\ttestimonialblockowl = $('.owl-carousel-testimonial-block-40044666').owlCarousel();\r\n\t\t\t\t\t\t\t\t$('.testimonial-block-widget-prev').click(function () {\r\n\t\t\t\t\t\t\t\t\ttestimonialblockowl.trigger('prev.owl.carousel');\r\n\t\t\t\t\t\t\t\t});\r\n\r\n\t\t\t\t\t\t\t\t$('.testimonial-block-widget-next').click(function () {\r\n\t\t\t\t\t\t\t\t\ttestimonialblockowl.trigger('next.owl.carousel');\r\n\t\t\t\t\t\t\t\t});*\/\r\n\t\t\t\t\t\t\t});\r\n\t\t\t\t\t\t<\/script>[\/vc_column][\/vc_row]<\/p>\n","protected":false},"excerpt":{"rendered":"<p>[vc_row el_class=\u00bbcontainer\u00bb css=\u00bb.vc_custom_1459343264192{padding-top: 16px !important;padding-right: 0px !important;padding-left: 0px !important;}\u00bb][vc_column][\/vc_column][\/vc_row]<\/p>\n","protected":false},"author":1,"featured_media":2049,"parent":0,"menu_order":0,"comment_status":"closed","ping_status":"closed","template":"","meta":{"footnotes":""},"class_list":["post-2606","page","type-page","status-publish","has-post-thumbnail","hentry"],"yoast_head":"<!-- This site is optimized with the Yoast SEO Premium plugin v22.9 (Yoast SEO v25.6) - https:\/\/yoast.com\/wordpress\/plugins\/seo\/ -->\n<title>Testimonios - AutoTranscais<\/title>\n<meta name=\"robots\" content=\"index, follow, max-snippet:-1, max-image-preview:large, max-video-preview:-1\" \/>\n<link rel=\"canonical\" href=\"https:\/\/autotranscais.com\/es\/testemunhos\/\" \/>\n<meta property=\"og:locale\" content=\"es_ES\" \/>\n<meta property=\"og:type\" content=\"article\" \/>\n<meta property=\"og:title\" content=\"Testimonios\" \/>\n<meta property=\"og:description\" content=\"[vc_row el_class=\u00bbcontainer\u00bb css=\u00bb.vc_custom_1459343264192{padding-top: 16px !important;padding-right: 0px !important;padding-left: 0px !important;}\u00bb][vc_column][\/vc_column][\/vc_row]\" \/>\n<meta property=\"og:url\" content=\"https:\/\/autotranscais.com\/es\/testemunhos\/\" \/>\n<meta property=\"og:site_name\" content=\"AutoTranscais\" \/>\n<meta property=\"article:modified_time\" content=\"2025-08-08T10:24:58+00:00\" \/>\n<meta property=\"og:image\" content=\"https:\/\/autotranscais.com\/wp-content\/uploads\/2020\/09\/ft_top_empresa.png\" \/>\n\t<meta property=\"og:image:width\" content=\"1920\" \/>\n\t<meta property=\"og:image:height\" content=\"212\" \/>\n\t<meta property=\"og:image:type\" content=\"image\/png\" \/>\n<meta name=\"twitter:card\" content=\"summary_large_image\" \/>\n<meta name=\"twitter:label1\" content=\"Tiempo de lectura\" \/>\n\t<meta name=\"twitter:data1\" content=\"9 minutos\" \/>\n<script type=\"application\/ld+json\" class=\"yoast-schema-graph\">{\"@context\":\"https:\/\/schema.org\",\"@graph\":[{\"@type\":\"WebPage\",\"@id\":\"https:\/\/autotranscais.com\/es\/testemunhos\/\",\"url\":\"https:\/\/autotranscais.com\/es\/testemunhos\/\",\"name\":\"Testimonios - AutoTranscais\",\"isPartOf\":{\"@id\":\"https:\/\/autotranscais.com\/es\/#website\"},\"primaryImageOfPage\":{\"@id\":\"https:\/\/autotranscais.com\/es\/testemunhos\/#primaryimage\"},\"image\":{\"@id\":\"https:\/\/autotranscais.com\/es\/testemunhos\/#primaryimage\"},\"thumbnailUrl\":\"https:\/\/autotranscais.com\/wp-content\/uploads\/2020\/09\/ft_top_empresa.png\",\"datePublished\":\"2016-03-16T13:41:36+00:00\",\"dateModified\":\"2025-08-08T10:24:58+00:00\",\"breadcrumb\":{\"@id\":\"https:\/\/autotranscais.com\/es\/testemunhos\/#breadcrumb\"},\"inLanguage\":\"es\",\"potentialAction\":[{\"@type\":\"ReadAction\",\"target\":[\"https:\/\/autotranscais.com\/es\/testemunhos\/\"]}]},{\"@type\":\"ImageObject\",\"inLanguage\":\"es\",\"@id\":\"https:\/\/autotranscais.com\/es\/testemunhos\/#primaryimage\",\"url\":\"https:\/\/autotranscais.com\/wp-content\/uploads\/2020\/09\/ft_top_empresa.png\",\"contentUrl\":\"https:\/\/autotranscais.com\/wp-content\/uploads\/2020\/09\/ft_top_empresa.png\",\"width\":1920,\"height\":212},{\"@type\":\"BreadcrumbList\",\"@id\":\"https:\/\/autotranscais.com\/es\/testemunhos\/#breadcrumb\",\"itemListElement\":[{\"@type\":\"ListItem\",\"position\":1,\"name\":\"In\u00edcio\",\"item\":\"https:\/\/autotranscais.com\/es\/\"},{\"@type\":\"ListItem\",\"position\":2,\"name\":\"Testimonios\"}]},{\"@type\":\"WebSite\",\"@id\":\"https:\/\/autotranscais.com\/es\/#website\",\"url\":\"https:\/\/autotranscais.com\/es\/\",\"name\":\"AutoTranscais\",\"description\":\"Transportes Rodovi\u00e1rios, Reboque, Oficina\",\"publisher\":{\"@id\":\"https:\/\/autotranscais.com\/es\/#organization\"},\"potentialAction\":[{\"@type\":\"SearchAction\",\"target\":{\"@type\":\"EntryPoint\",\"urlTemplate\":\"https:\/\/autotranscais.com\/es\/?s={search_term_string}\"},\"query-input\":{\"@type\":\"PropertyValueSpecification\",\"valueRequired\":true,\"valueName\":\"search_term_string\"}}],\"inLanguage\":\"es\"},{\"@type\":\"Organization\",\"@id\":\"https:\/\/autotranscais.com\/es\/#organization\",\"name\":\"AutoTranscais\",\"url\":\"https:\/\/autotranscais.com\/es\/\",\"logo\":{\"@type\":\"ImageObject\",\"inLanguage\":\"es\",\"@id\":\"https:\/\/autotranscais.com\/es\/#\/schema\/logo\/image\/\",\"url\":\"https:\/\/autotranscais.com\/wp-content\/uploads\/2020\/09\/Ativo-1@3x.png\",\"contentUrl\":\"https:\/\/autotranscais.com\/wp-content\/uploads\/2020\/09\/Ativo-1@3x.png\",\"width\":360,\"height\":162,\"caption\":\"AutoTranscais\"},\"image\":{\"@id\":\"https:\/\/autotranscais.com\/es\/#\/schema\/logo\/image\/\"}}]}<\/script>\n<!-- \/ Yoast SEO Premium plugin. -->","yoast_head_json":{"title":"Testimonios - AutoTranscais","robots":{"index":"index","follow":"follow","max-snippet":"max-snippet:-1","max-image-preview":"max-image-preview:large","max-video-preview":"max-video-preview:-1"},"canonical":"https:\/\/autotranscais.com\/es\/testemunhos\/","og_locale":"es_ES","og_type":"article","og_title":"Testimonios","og_description":"[vc_row el_class=\u00bbcontainer\u00bb css=\u00bb.vc_custom_1459343264192{padding-top: 16px !important;padding-right: 0px !important;padding-left: 0px !important;}\u00bb][vc_column][\/vc_column][\/vc_row]","og_url":"https:\/\/autotranscais.com\/es\/testemunhos\/","og_site_name":"AutoTranscais","article_modified_time":"2025-08-08T10:24:58+00:00","og_image":[{"width":1920,"height":212,"url":"https:\/\/autotranscais.com\/wp-content\/uploads\/2020\/09\/ft_top_empresa.png","type":"image\/png"}],"twitter_card":"summary_large_image","twitter_misc":{"Tiempo de lectura":"9 minutos"},"schema":{"@context":"https:\/\/schema.org","@graph":[{"@type":"WebPage","@id":"https:\/\/autotranscais.com\/es\/testemunhos\/","url":"https:\/\/autotranscais.com\/es\/testemunhos\/","name":"Testimonios - AutoTranscais","isPartOf":{"@id":"https:\/\/autotranscais.com\/es\/#website"},"primaryImageOfPage":{"@id":"https:\/\/autotranscais.com\/es\/testemunhos\/#primaryimage"},"image":{"@id":"https:\/\/autotranscais.com\/es\/testemunhos\/#primaryimage"},"thumbnailUrl":"https:\/\/autotranscais.com\/wp-content\/uploads\/2020\/09\/ft_top_empresa.png","datePublished":"2016-03-16T13:41:36+00:00","dateModified":"2025-08-08T10:24:58+00:00","breadcrumb":{"@id":"https:\/\/autotranscais.com\/es\/testemunhos\/#breadcrumb"},"inLanguage":"es","potentialAction":[{"@type":"ReadAction","target":["https:\/\/autotranscais.com\/es\/testemunhos\/"]}]},{"@type":"ImageObject","inLanguage":"es","@id":"https:\/\/autotranscais.com\/es\/testemunhos\/#primaryimage","url":"https:\/\/autotranscais.com\/wp-content\/uploads\/2020\/09\/ft_top_empresa.png","contentUrl":"https:\/\/autotranscais.com\/wp-content\/uploads\/2020\/09\/ft_top_empresa.png","width":1920,"height":212},{"@type":"BreadcrumbList","@id":"https:\/\/autotranscais.com\/es\/testemunhos\/#breadcrumb","itemListElement":[{"@type":"ListItem","position":1,"name":"In\u00edcio","item":"https:\/\/autotranscais.com\/es\/"},{"@type":"ListItem","position":2,"name":"Testimonios"}]},{"@type":"WebSite","@id":"https:\/\/autotranscais.com\/es\/#website","url":"https:\/\/autotranscais.com\/es\/","name":"AutoTranscais","description":"Transportes Rodovi\u00e1rios, Reboque, Oficina","publisher":{"@id":"https:\/\/autotranscais.com\/es\/#organization"},"potentialAction":[{"@type":"SearchAction","target":{"@type":"EntryPoint","urlTemplate":"https:\/\/autotranscais.com\/es\/?s={search_term_string}"},"query-input":{"@type":"PropertyValueSpecification","valueRequired":true,"valueName":"search_term_string"}}],"inLanguage":"es"},{"@type":"Organization","@id":"https:\/\/autotranscais.com\/es\/#organization","name":"AutoTranscais","url":"https:\/\/autotranscais.com\/es\/","logo":{"@type":"ImageObject","inLanguage":"es","@id":"https:\/\/autotranscais.com\/es\/#\/schema\/logo\/image\/","url":"https:\/\/autotranscais.com\/wp-content\/uploads\/2020\/09\/Ativo-1@3x.png","contentUrl":"https:\/\/autotranscais.com\/wp-content\/uploads\/2020\/09\/Ativo-1@3x.png","width":360,"height":162,"caption":"AutoTranscais"},"image":{"@id":"https:\/\/autotranscais.com\/es\/#\/schema\/logo\/image\/"}}]}},"_links":{"self":[{"href":"https:\/\/autotranscais.com\/es\/wp-json\/wp\/v2\/pages\/2606","targetHints":{"allow":["GET"]}}],"collection":[{"href":"https:\/\/autotranscais.com\/es\/wp-json\/wp\/v2\/pages"}],"about":[{"href":"https:\/\/autotranscais.com\/es\/wp-json\/wp\/v2\/types\/page"}],"author":[{"embeddable":true,"href":"https:\/\/autotranscais.com\/es\/wp-json\/wp\/v2\/users\/1"}],"replies":[{"embeddable":true,"href":"https:\/\/autotranscais.com\/es\/wp-json\/wp\/v2\/comments?post=2606"}],"version-history":[{"count":6,"href":"https:\/\/autotranscais.com\/es\/wp-json\/wp\/v2\/pages\/2606\/revisions"}],"predecessor-version":[{"id":2857,"href":"https:\/\/autotranscais.com\/es\/wp-json\/wp\/v2\/pages\/2606\/revisions\/2857"}],"wp:featuredmedia":[{"embeddable":true,"href":"https:\/\/autotranscais.com\/es\/wp-json\/wp\/v2\/media\/2049"}],"wp:attachment":[{"href":"https:\/\/autotranscais.com\/es\/wp-json\/wp\/v2\/media?parent=2606"}],"curies":[{"name":"wp","href":"https:\/\/api.w.org\/{rel}","templated":true}]}}