{"id":2629,"date":"2016-03-16T13:25:11","date_gmt":"2016-03-16T13:25:11","guid":{"rendered":"https:\/\/autotranscais.com\/contatos\/"},"modified":"2025-08-13T20:18:01","modified_gmt":"2025-08-13T20:18:01","slug":"contatos","status":"publish","type":"page","link":"https:\/\/autotranscais.com\/es\/contatos\/","title":{"rendered":"Contactos"},"content":{"rendered":"<p>[vc_row el_class=\u00bbcontainer\u00bb css=\u00bb.vc_custom_1458657054047{padding-right: 0px !important;padding-left: 0px !important;}\u00bb][vc_column css=\u00bb.vc_custom_1458659403439{padding-bottom: 27px !important;}\u00bb][vc_custom_heading text=\u00bbINFORMACI\u00d3N\u00bb font_container=\u00bbtag:h2|font_size:15px|text_align:left|color:%23858585&#8243; use_theme_fonts=\u00bbyes\u00bb css=\u00bb.vc_custom_1599047466179{margin-top: 0px !important;margin-bottom: 16px !important;padding-top: 0px !important;padding-bottom: 0px !important;}\u00bb][vc_row_inner][vc_column_inner width=\u00bb1\/3&#8243;]<div class=\"contact-information themethreecolor\"><div class=\"contact-information-row\"><div class=\"contact-information-icon\"><i class=\"fa fa-map-marker\"><\/i><\/div><div class=\"contact-information-content\"><strong>Direcci\u00f3n:<\/strong>Estrada da Malveira da Serra, 780 2750-834 Cascais<\/div><\/div><\/div>[\/vc_column_inner][vc_column_inner width=\u00bb1\/3&#8243;]<div class=\"contact-information themethreecolor\"><div class=\"contact-information-row\"><div class=\"contact-information-icon\"><i class=\"fa fa-phone\"><\/i><\/div><div class=\"contact-information-content\"><strong>Tel\u00e9fono:<\/strong>+351 214 879 320 | +351 214 850 065<\/div><\/div><div class=\"contact-information-row\"><div class=\"contact-information-icon\"><i class=\"fa fa-mobile\"><\/i><\/div><div class=\"contact-information-content\"><strong>Tel\u00e9fono m\u00f3vil:<\/strong>+351 214 879 320 | +351 214 850 065<\/div><\/div><\/div>[\/vc_column_inner][vc_column_inner width=\u00bb1\/3&#8243;]<div class=\"contact-information themethreecolor\"><div class=\"contact-information-row\"><div class=\"contact-information-icon\"><i class=\"fa fa-fax\"><\/i><\/div><div class=\"contact-information-content\"><strong>Fax:<\/strong>+351 214 850 122<\/div><\/div><div class=\"contact-information-row\"><div class=\"contact-information-icon\"><i class=\"fa fa-envelope\"><\/i><\/div><div class=\"contact-information-content\"><strong>E-Mail:<\/strong>geral@autotranscais.com<\/div><\/div><\/div>[\/vc_column_inner][\/vc_row_inner][\/vc_column][\/vc_row][vc_row el_class=\u00bbcontainer\u00bb][vc_column width=\u00bb1\/4&#8243;][\/vc_column][vc_column width=\u00bb1\/2&#8243;][vc_empty_space][vc_row_inner][vc_column_inner width=\u00bb1\/2&#8243;][vc_column_text]<strong>Abiertos 24 horas \u2013 7 d\u00edas a la semana<br \/>\n<\/strong>Servicios de remolque ligeros y pesados.<br \/>\nAsistencia en carretera m\u00f3vil<br \/>\nSeguridad vial y protecci\u00f3n del medio ambiente[\/vc_column_text][\/vc_column_inner][vc_column_inner width=\u00bb1\/2&#8243;][vc_column_text]<strong>Abiertos d\u00edas laborables &#8211; de 9h a 18h<br \/>\n<\/strong>Servicios de taller<br \/>\nMantenimiento<br \/>\nReparaci\u00f3n[\/vc_column_text][\/vc_column_inner][\/vc_row_inner][\/vc_column][vc_column width=\u00bb1\/4&#8243;][\/vc_column][\/vc_row][vc_row][vc_column][vc_row_inner el_class=\u00bbcontainer\u00bb css=\u00bb.vc_custom_1458659295687{padding-right: 0px !important;padding-left: 0px !important;}\u00bb][vc_column_inner][vc_custom_heading text=\u00bbGOOGLE MAP\u00bb font_container=\u00bbtag:h2|font_size:15px|text_align:left|color:%23858585&#8243; use_theme_fonts=\u00bbyes\u00bb css=\u00bb.vc_custom_1458659310244{margin-top: 0px !important;margin-bottom: 20px !important;padding-top: 0px !important;padding-bottom: 0px !important;}\u00bb][\/vc_column_inner][\/vc_row_inner][\/vc_column][\/vc_row][vc_row full_width=\u00bbstretch_row_content_no_spaces\u00bb css=\u00bb.vc_custom_1459345752147{margin-bottom: -50px !important;}\u00bb][vc_column][vc_gmaps link=\u00bb#E-8_JTNDaWZyYW1lJTIwc3JjJTNEJTIyaHR0cHMlM0ElMkYlMkZ3d3cuZ29vZ2xlLmNvbSUyRm1hcHMlMkZlbWJlZCUzRnBiJTNEJTIxMW0xNCUyMTFtOCUyMTFtMyUyMTFkNjIyNS41NDI4OTY0MzQ0NDUlMjEyZC05LjQ0MTc4NCUyMTNkMzguNzIzMDU2JTIxM20yJTIxMWkxMDI0JTIxMmk3NjglMjE0ZjEzLjElMjEzbTMlMjExbTIlMjExczB4MCUyNTNBMHhmYzcxMDkyY2VhNGQzNzUlMjEyc0F1dG90cmFuc2NhaXMlMjE1ZTAlMjEzbTIlMjExc3B0LVBUJTIxMnNwdCUyMTR2MTU5OTA0NzQyMzcyOCUyMTVtMiUyMTFzcHQtUFQlMjEyc3B0JTIyJTIwd2lkdGglM0QlMjIxMDAlMjUlMjIlMjBoZWlnaHQlM0QlMjIzNTAlMjIlMjBmcmFtZWJvcmRlciUzRCUyMjAlMjIlMjBzdHlsZSUzRCUyMmJvcmRlciUzQTAlM0IlMjIlMjBhbGxvd2Z1bGxzY3JlZW4lM0QlMjIlMjIlMjBhcmlhLWhpZGRlbiUzRCUyMmZhbHNlJTIyJTIwdGFiaW5kZXglM0QlMjIwJTIyJTNFJTNDJTJGaWZyYW1lJTNF\u00bb size=\u00bb520px\u00bb css=\u00bb.vc_custom_1599047441897{margin-top: 0px !important;margin-right: 0px !important;margin-bottom: 0px !important;margin-left: 0px !important;padding-right: 0px !important;padding-left: 0px !important;}\u00bb][\/vc_column][\/vc_row]  <\/p>\n","protected":false},"excerpt":{"rendered":"<p>[vc_row el_class=\u00bbcontainer\u00bb css=\u00bb.vc_custom_1458657054047{padding-right: 0px !important;padding-left: 0px !important;}\u00bb][vc_column css=\u00bb.vc_custom_1458659403439{padding-bottom: 27px !important;}\u00bb][vc_custom_heading text=\u00bbINFORMACI\u00d3N\u00bb font_container=\u00bbtag:h2|font_size:15px|text_align:left|color:%23858585&#8243; use_theme_fonts=\u00bbyes\u00bb css=\u00bb.vc_custom_1599047466179{margin-top: 0px !important;margin-bottom: 16px !important;padding-top: 0px !important;padding-bottom: 0px !important;}\u00bb][vc_row_inner][vc_column_inner width=\u00bb1\/3&#8243;][\/vc_column_inner][vc_column_inner width=\u00bb1\/3&#8243;][\/vc_column_inner][vc_column_inner width=\u00bb1\/3&#8243;][\/vc_column_inner][\/vc_row_inner][\/vc_column][\/vc_row][vc_row el_class=\u00bbcontainer\u00bb][vc_column width=\u00bb1\/4&#8243;][\/vc_column][vc_column width=\u00bb1\/2&#8243;][vc_empty_space][vc_row_inner][vc_column_inner width=\u00bb1\/2&#8243;][vc_column_text]Abiertos 24 horas \u2013 7 d\u00edas a la semana Servicios de remolque ligeros y pesados. Asistencia en carretera m\u00f3vil Seguridad vial y protecci\u00f3n del medio ambiente[\/vc_column_text][\/vc_column_inner][vc_column_inner width=\u00bb1\/2&#8243;][vc_column_text]Abiertos&#8230;<\/p>\n","protected":false},"author":1,"featured_media":2049,"parent":0,"menu_order":0,"comment_status":"closed","ping_status":"closed","template":"","meta":{"footnotes":""},"class_list":["post-2629","page","type-page","status-publish","has-post-thumbnail","hentry"],"yoast_head":"<!-- This site is optimized with the Yoast SEO Premium plugin v22.9 (Yoast SEO v25.6) - https:\/\/yoast.com\/wordpress\/plugins\/seo\/ -->\n<title>Contactos - AutoTranscais<\/title>\n<meta name=\"robots\" content=\"index, follow, max-snippet:-1, max-image-preview:large, max-video-preview:-1\" \/>\n<link rel=\"canonical\" href=\"https:\/\/autotranscais.com\/es\/contatos\/\" \/>\n<meta property=\"og:locale\" content=\"es_ES\" \/>\n<meta property=\"og:type\" content=\"article\" \/>\n<meta property=\"og:title\" content=\"Contactos\" \/>\n<meta property=\"og:description\" content=\"[vc_row el_class=\u00bbcontainer\u00bb css=\u00bb.vc_custom_1458657054047{padding-right: 0px !important;padding-left: 0px !important;}\u00bb][vc_column css=\u00bb.vc_custom_1458659403439{padding-bottom: 27px !important;}\u00bb][vc_custom_heading text=\u00bbINFORMACI\u00d3N\u00bb font_container=\u00bbtag:h2|font_size:15px|text_align:left|color:%23858585&#8243; use_theme_fonts=\u00bbyes\u00bb css=\u00bb.vc_custom_1599047466179{margin-top: 0px !important;margin-bottom: 16px !important;padding-top: 0px !important;padding-bottom: 0px !important;}\u00bb][vc_row_inner][vc_column_inner width=\u00bb1\/3&#8243;][\/vc_column_inner][vc_column_inner width=\u00bb1\/3&#8243;][\/vc_column_inner][vc_column_inner width=\u00bb1\/3&#8243;][\/vc_column_inner][\/vc_row_inner][\/vc_column][\/vc_row][vc_row el_class=\u00bbcontainer\u00bb][vc_column width=\u00bb1\/4&#8243;][\/vc_column][vc_column width=\u00bb1\/2&#8243;][vc_empty_space][vc_row_inner][vc_column_inner width=\u00bb1\/2&#8243;][vc_column_text]Abiertos 24 horas \u2013 7 d\u00edas a la semana Servicios de remolque ligeros y pesados. Asistencia en carretera m\u00f3vil Seguridad vial y protecci\u00f3n del medio ambiente[\/vc_column_text][\/vc_column_inner][vc_column_inner width=\u00bb1\/2&#8243;][vc_column_text]Abiertos...\" \/>\n<meta property=\"og:url\" content=\"https:\/\/autotranscais.com\/es\/contatos\/\" \/>\n<meta property=\"og:site_name\" content=\"AutoTranscais\" \/>\n<meta property=\"article:modified_time\" content=\"2025-08-13T20:18:01+00:00\" \/>\n<meta property=\"og:image\" content=\"https:\/\/autotranscais.com\/wp-content\/uploads\/2020\/09\/ft_top_empresa.png\" \/>\n\t<meta property=\"og:image:width\" content=\"1920\" \/>\n\t<meta property=\"og:image:height\" content=\"212\" \/>\n\t<meta property=\"og:image:type\" content=\"image\/png\" \/>\n<meta name=\"twitter:card\" content=\"summary_large_image\" \/>\n<meta name=\"twitter:label1\" content=\"Tiempo de lectura\" \/>\n\t<meta name=\"twitter:data1\" content=\"1 minuto\" \/>\n<script type=\"application\/ld+json\" class=\"yoast-schema-graph\">{\"@context\":\"https:\/\/schema.org\",\"@graph\":[{\"@type\":\"WebPage\",\"@id\":\"https:\/\/autotranscais.com\/es\/contatos\/\",\"url\":\"https:\/\/autotranscais.com\/es\/contatos\/\",\"name\":\"Contactos - AutoTranscais\",\"isPartOf\":{\"@id\":\"https:\/\/autotranscais.com\/es\/#website\"},\"primaryImageOfPage\":{\"@id\":\"https:\/\/autotranscais.com\/es\/contatos\/#primaryimage\"},\"image\":{\"@id\":\"https:\/\/autotranscais.com\/es\/contatos\/#primaryimage\"},\"thumbnailUrl\":\"https:\/\/autotranscais.com\/wp-content\/uploads\/2020\/09\/ft_top_empresa.png\",\"datePublished\":\"2016-03-16T13:25:11+00:00\",\"dateModified\":\"2025-08-13T20:18:01+00:00\",\"breadcrumb\":{\"@id\":\"https:\/\/autotranscais.com\/es\/contatos\/#breadcrumb\"},\"inLanguage\":\"es\",\"potentialAction\":[{\"@type\":\"ReadAction\",\"target\":[\"https:\/\/autotranscais.com\/es\/contatos\/\"]}]},{\"@type\":\"ImageObject\",\"inLanguage\":\"es\",\"@id\":\"https:\/\/autotranscais.com\/es\/contatos\/#primaryimage\",\"url\":\"https:\/\/autotranscais.com\/wp-content\/uploads\/2020\/09\/ft_top_empresa.png\",\"contentUrl\":\"https:\/\/autotranscais.com\/wp-content\/uploads\/2020\/09\/ft_top_empresa.png\",\"width\":1920,\"height\":212},{\"@type\":\"BreadcrumbList\",\"@id\":\"https:\/\/autotranscais.com\/es\/contatos\/#breadcrumb\",\"itemListElement\":[{\"@type\":\"ListItem\",\"position\":1,\"name\":\"In\u00edcio\",\"item\":\"https:\/\/autotranscais.com\/es\/\"},{\"@type\":\"ListItem\",\"position\":2,\"name\":\"Contactos\"}]},{\"@type\":\"WebSite\",\"@id\":\"https:\/\/autotranscais.com\/es\/#website\",\"url\":\"https:\/\/autotranscais.com\/es\/\",\"name\":\"AutoTranscais\",\"description\":\"Transportes Rodovi\u00e1rios, Reboque, Oficina\",\"publisher\":{\"@id\":\"https:\/\/autotranscais.com\/es\/#organization\"},\"potentialAction\":[{\"@type\":\"SearchAction\",\"target\":{\"@type\":\"EntryPoint\",\"urlTemplate\":\"https:\/\/autotranscais.com\/es\/?s={search_term_string}\"},\"query-input\":{\"@type\":\"PropertyValueSpecification\",\"valueRequired\":true,\"valueName\":\"search_term_string\"}}],\"inLanguage\":\"es\"},{\"@type\":\"Organization\",\"@id\":\"https:\/\/autotranscais.com\/es\/#organization\",\"name\":\"AutoTranscais\",\"url\":\"https:\/\/autotranscais.com\/es\/\",\"logo\":{\"@type\":\"ImageObject\",\"inLanguage\":\"es\",\"@id\":\"https:\/\/autotranscais.com\/es\/#\/schema\/logo\/image\/\",\"url\":\"https:\/\/autotranscais.com\/wp-content\/uploads\/2020\/09\/Ativo-1@3x.png\",\"contentUrl\":\"https:\/\/autotranscais.com\/wp-content\/uploads\/2020\/09\/Ativo-1@3x.png\",\"width\":360,\"height\":162,\"caption\":\"AutoTranscais\"},\"image\":{\"@id\":\"https:\/\/autotranscais.com\/es\/#\/schema\/logo\/image\/\"}}]}<\/script>\n<!-- \/ Yoast SEO Premium plugin. -->","yoast_head_json":{"title":"Contactos - AutoTranscais","robots":{"index":"index","follow":"follow","max-snippet":"max-snippet:-1","max-image-preview":"max-image-preview:large","max-video-preview":"max-video-preview:-1"},"canonical":"https:\/\/autotranscais.com\/es\/contatos\/","og_locale":"es_ES","og_type":"article","og_title":"Contactos","og_description":"[vc_row el_class=\u00bbcontainer\u00bb css=\u00bb.vc_custom_1458657054047{padding-right: 0px !important;padding-left: 0px !important;}\u00bb][vc_column css=\u00bb.vc_custom_1458659403439{padding-bottom: 27px !important;}\u00bb][vc_custom_heading text=\u00bbINFORMACI\u00d3N\u00bb font_container=\u00bbtag:h2|font_size:15px|text_align:left|color:%23858585&#8243; use_theme_fonts=\u00bbyes\u00bb css=\u00bb.vc_custom_1599047466179{margin-top: 0px !important;margin-bottom: 16px !important;padding-top: 0px !important;padding-bottom: 0px !important;}\u00bb][vc_row_inner][vc_column_inner width=\u00bb1\/3&#8243;][\/vc_column_inner][vc_column_inner width=\u00bb1\/3&#8243;][\/vc_column_inner][vc_column_inner width=\u00bb1\/3&#8243;][\/vc_column_inner][\/vc_row_inner][\/vc_column][\/vc_row][vc_row el_class=\u00bbcontainer\u00bb][vc_column width=\u00bb1\/4&#8243;][\/vc_column][vc_column width=\u00bb1\/2&#8243;][vc_empty_space][vc_row_inner][vc_column_inner width=\u00bb1\/2&#8243;][vc_column_text]Abiertos 24 horas \u2013 7 d\u00edas a la semana Servicios de remolque ligeros y pesados. Asistencia en carretera m\u00f3vil Seguridad vial y protecci\u00f3n del medio ambiente[\/vc_column_text][\/vc_column_inner][vc_column_inner width=\u00bb1\/2&#8243;][vc_column_text]Abiertos...","og_url":"https:\/\/autotranscais.com\/es\/contatos\/","og_site_name":"AutoTranscais","article_modified_time":"2025-08-13T20:18:01+00:00","og_image":[{"width":1920,"height":212,"url":"https:\/\/autotranscais.com\/wp-content\/uploads\/2020\/09\/ft_top_empresa.png","type":"image\/png"}],"twitter_card":"summary_large_image","twitter_misc":{"Tiempo de lectura":"1 minuto"},"schema":{"@context":"https:\/\/schema.org","@graph":[{"@type":"WebPage","@id":"https:\/\/autotranscais.com\/es\/contatos\/","url":"https:\/\/autotranscais.com\/es\/contatos\/","name":"Contactos - AutoTranscais","isPartOf":{"@id":"https:\/\/autotranscais.com\/es\/#website"},"primaryImageOfPage":{"@id":"https:\/\/autotranscais.com\/es\/contatos\/#primaryimage"},"image":{"@id":"https:\/\/autotranscais.com\/es\/contatos\/#primaryimage"},"thumbnailUrl":"https:\/\/autotranscais.com\/wp-content\/uploads\/2020\/09\/ft_top_empresa.png","datePublished":"2016-03-16T13:25:11+00:00","dateModified":"2025-08-13T20:18:01+00:00","breadcrumb":{"@id":"https:\/\/autotranscais.com\/es\/contatos\/#breadcrumb"},"inLanguage":"es","potentialAction":[{"@type":"ReadAction","target":["https:\/\/autotranscais.com\/es\/contatos\/"]}]},{"@type":"ImageObject","inLanguage":"es","@id":"https:\/\/autotranscais.com\/es\/contatos\/#primaryimage","url":"https:\/\/autotranscais.com\/wp-content\/uploads\/2020\/09\/ft_top_empresa.png","contentUrl":"https:\/\/autotranscais.com\/wp-content\/uploads\/2020\/09\/ft_top_empresa.png","width":1920,"height":212},{"@type":"BreadcrumbList","@id":"https:\/\/autotranscais.com\/es\/contatos\/#breadcrumb","itemListElement":[{"@type":"ListItem","position":1,"name":"In\u00edcio","item":"https:\/\/autotranscais.com\/es\/"},{"@type":"ListItem","position":2,"name":"Contactos"}]},{"@type":"WebSite","@id":"https:\/\/autotranscais.com\/es\/#website","url":"https:\/\/autotranscais.com\/es\/","name":"AutoTranscais","description":"Transportes Rodovi\u00e1rios, Reboque, Oficina","publisher":{"@id":"https:\/\/autotranscais.com\/es\/#organization"},"potentialAction":[{"@type":"SearchAction","target":{"@type":"EntryPoint","urlTemplate":"https:\/\/autotranscais.com\/es\/?s={search_term_string}"},"query-input":{"@type":"PropertyValueSpecification","valueRequired":true,"valueName":"search_term_string"}}],"inLanguage":"es"},{"@type":"Organization","@id":"https:\/\/autotranscais.com\/es\/#organization","name":"AutoTranscais","url":"https:\/\/autotranscais.com\/es\/","logo":{"@type":"ImageObject","inLanguage":"es","@id":"https:\/\/autotranscais.com\/es\/#\/schema\/logo\/image\/","url":"https:\/\/autotranscais.com\/wp-content\/uploads\/2020\/09\/Ativo-1@3x.png","contentUrl":"https:\/\/autotranscais.com\/wp-content\/uploads\/2020\/09\/Ativo-1@3x.png","width":360,"height":162,"caption":"AutoTranscais"},"image":{"@id":"https:\/\/autotranscais.com\/es\/#\/schema\/logo\/image\/"}}]}},"_links":{"self":[{"href":"https:\/\/autotranscais.com\/es\/wp-json\/wp\/v2\/pages\/2629","targetHints":{"allow":["GET"]}}],"collection":[{"href":"https:\/\/autotranscais.com\/es\/wp-json\/wp\/v2\/pages"}],"about":[{"href":"https:\/\/autotranscais.com\/es\/wp-json\/wp\/v2\/types\/page"}],"author":[{"embeddable":true,"href":"https:\/\/autotranscais.com\/es\/wp-json\/wp\/v2\/users\/1"}],"replies":[{"embeddable":true,"href":"https:\/\/autotranscais.com\/es\/wp-json\/wp\/v2\/comments?post=2629"}],"version-history":[{"count":4,"href":"https:\/\/autotranscais.com\/es\/wp-json\/wp\/v2\/pages\/2629\/revisions"}],"predecessor-version":[{"id":3035,"href":"https:\/\/autotranscais.com\/es\/wp-json\/wp\/v2\/pages\/2629\/revisions\/3035"}],"wp:featuredmedia":[{"embeddable":true,"href":"https:\/\/autotranscais.com\/es\/wp-json\/wp\/v2\/media\/2049"}],"wp:attachment":[{"href":"https:\/\/autotranscais.com\/es\/wp-json\/wp\/v2\/media?parent=2629"}],"curies":[{"name":"wp","href":"https:\/\/api.w.org\/{rel}","templated":true}]}}