{"id":2659,"date":"2016-03-16T13:14:33","date_gmt":"2016-03-16T13:14:33","guid":{"rendered":"https:\/\/autotranscais.com\/empresa\/"},"modified":"2025-08-08T10:25:00","modified_gmt":"2025-08-08T10:25:00","slug":"empresa","status":"publish","type":"page","link":"https:\/\/autotranscais.com\/es\/empresa\/","title":{"rendered":"Empresa"},"content":{"rendered":"<p>[vc_row el_class=\u00bbcontainer\u00bb css=\u00bb.vc_custom_1458478155354{padding-right: 0px !important;padding-left: 0px !important;}\u00bb][vc_column width=\u00bb1\/2&#8243; el_class=\u00bbanimate anim-fadeIn\u00bb][vc_column_text]<\/p>\n<p style=\"text-align: justify;\"><span class=\"texto\">En 1994 nace <\/span><span id=\"u18179-5\" class=\"texto\">Autotranscais<\/span><span class=\"texto\">. Debido al r\u00e1pido crecimiento de la compa\u00f1\u00eda en el sector de asistencia en viaje y en el sector del transporte automotor, aparecieron nuevos desaf\u00edos en el mercado nacional e internacional a los que no pod\u00edamos dejar de dar respuesta. Ha sido nuestra profesionalidad y la satisfacci\u00f3n de nuestros clientes lo que nos ha permitido crecer desde entonces.<\/span><\/p>\n<p style=\"text-align: justify;\"><span class=\"texto\">La empresa se ha desarrollado a lo largo de estos 31 a\u00f1os en tres sectores diferentes, uno dirigido \u00fanicamente al servicio de asistencia en viaje, servicio de gr\u00faa para veh\u00edculos averiados y averiados, peque\u00f1as aver\u00edas en obra y estacionamiento de veh\u00edculos averiados o nuevos.<\/span><\/p>\n<p style=\"text-align: justify;\"><span class=\"texto\">El otro sector se refiere exclusivamente al transporte de veh\u00edculos entre rutas nacionales e internacionales.<\/span><\/p>\n<p style=\"text-align: justify;\"><span class=\"texto\">Aqu\u00ed a <\/span><span id=\"u18179-15\" class=\"texto\">Autotranscais <\/span><span class=\"texto\">ha sabido diferenciarse de otros transportistas a trav\u00e9s de transportes especiales, es decir, para expediciones y reuniones de las principales marcas internacionales.<\/span><\/p>\n<p style=\"text-align: justify;\"><span class=\"texto\">En el sector m\u00e1s reciente, en el \u00e1rea de seguridad vial y protecci\u00f3n del medio ambiente, <\/span><span id=\"u18179-20\" class=\"texto\">Autotranscais<\/span><span class=\"texto\">limpia escombros y derrames tras accidentes viales, permitiendo restaurar la circulaci\u00f3n de veh\u00edculos con total seguridad, preservando as\u00ed tambi\u00e9n el medio ambiente.<\/span><\/p>\n<p>[\/vc_column_text][\/vc_column][vc_column width=\u00bb1\/2&#8243; el_class=\u00bbanimate anim-fadeInRight\u00bb][vc_single_image image=\u00bb2056&#8243; img_size=\u00bbfull\u00bb css=\u00bb.vc_custom_1599727729426{margin-top: 0px !important;margin-bottom: 0px !important;padding-top: 0px !important;padding-bottom: 0px !important;}\u00bb][\/vc_column][\/vc_row][vc_row el_class=\u00bbcontainer\u00bb css=\u00bb.vc_custom_1458480909247{padding-top: 15px !important;padding-right: 0px !important;padding-left: 0px !important;}\u00bb][vc_column width=\u00bb1\/2&#8243; css=\u00bb.vc_custom_1459354595894{padding-bottom: 44px !important;}\u00bb el_class=\u00bbanimate anim-fadeInDown\u00bb]<div class=\"services-box  icon-style-alternative\"><div class=\"services-box-icon icontitlecenterparagraphleft\"><i class=\"fa fa-thumbs-o-up\"><\/i><\/div><h3 class=\"icontitlecenterparagraphleft\">NUESTRA MISI\u00d3N<\/h3><p class=\"icontitlecenterparagraphleft\">Autotranscais, empresa ya establecida en el sector del transporte por carretera desde hace m\u00e1s de 31 a\u00f1os, busca d\u00eda a d\u00eda, mediante la puntualidad y la calidad profesionalidad, brindar el mejor y m\u00e1s eficiente servicio a todos sus clientes, siempre teniendo en cuenta la seguridad y preservaci\u00f3n del medio ambiente.<\/p><\/div>[\/vc_column][vc_column width=\u00bb1\/2&#8243; css=\u00bb.vc_custom_1459354603549{padding-bottom: 44px !important;}\u00bb el_class=\u00bbanimate anim-fadeInDown\u00bb]<div class=\"services-box  icon-style-alternative\"><div class=\"services-box-icon icontitlecenterparagraphleft\"><i class=\"fa fa-arrows-alt\"><\/i><\/div><h3 class=\"icontitlecenterparagraphleft\">NUESTROS VALORES<\/h3><p class=\"icontitlecenterparagraphleft\">En el futuro, esperamos un crecimiento reflexivo y estructurado que siempre beneficie no solo a nuestros clientes sino tambi\u00e9n a nuestros empleados y proveedores para que todos podamos crecer juntos.<\/p><\/div>[\/vc_column][\/vc_row][vc_row equal_height=\u00bbyes\u00bb disable_element=\u00bbyes\u00bb][vc_column width=\u00bb1\/2&#8243; el_class=\u00bbbgfixed backgroundcentercenter\u00bb css=\u00bb.vc_custom_1599727834172{padding-top: 250px !important;padding-bottom: 250px !important;background-image: url(https:\/\/autotranscais.com\/wp-content\/uploads\/2020\/09\/ft01_transp.jpg?id=2059) !important;background-position: center !important;background-repeat: no-repeat !important;background-size: cover !important;}\u00bb][\/vc_column][vc_column width=\u00bb1\/2&#8243; css=\u00bb.vc_custom_1599729338129{padding-top: 46px !important;padding-right: 68px !important;padding-bottom: 47px !important;padding-left: 68px !important;background-color: #aecb06 !important;}\u00bb][vc_row_inner el_class=\u00bbfull-area-container-content-left\u00bb css=\u00bb.vc_custom_1458941842529{padding-left: 0px !important;}\u00bb][vc_column_inner el_class=\u00bbmobile-padding-none\u00bb css=\u00bb.vc_custom_1458942008831{padding-right: 35px !important;padding-left: 0px !important;}\u00bb][vc_custom_heading text=\u00bbHISTORIA CRONOLOGICA\u00bb font_container=\u00bbtag:h2|font_size:16px|text_align:left|color:%23feffff\u00bb use_theme_fonts=\u00bbyes\u00bb css=\u00bb.vc_custom_1615477706657{margin-top: 0px !important;margin-bottom: 18px !important;}\u00bb]<div class=\"chronologyyears-content\" style=\"background:#ffffff;color:#aecb06;\"><div class=\"year-block\">1986<\/div><div class=\"separate\"><\/div><div class=\"year-block\">1990<\/div><div class=\"separate\"><\/div><div class=\"year-block\">1995<\/div><div class=\"separate\"><\/div><div class=\"year-block\">1998<\/div><div class=\"separate\"><\/div><div class=\"year-block\">2003<\/div><div class=\"separate\"><\/div><div class=\"year-block\">2007<\/div><div class=\"separate\"><\/div><div class=\"year-block\">2016<\/div><div class=\"separate\"><\/div><\/div>[vc_empty_space height=\u00bb26px\u00bb]<div class=\"chronologyitem-bar\"><div class=\"progress-content\"><div id=\"progress-wrap-538526880\" class=\"progress-wrap progress\" data-progress-percent=\"10\" style=\"border-color:#ffffff;\">\r\n\t\t\t\t\t\t\t\t\t\t<div id=\"progress-bar-538526880\" class=\"progress-bar progress\" style=\"background:#ffffff;\"><\/div>\r\n\t\t\t\t\t\t\t\t\t<\/div><\/div><div class=\"chronologyitem-text\" style=\"color:#ffffff;\"><span class=\"year\">- 1986,<\/span><span class=\"text\">Donec auctor nisl vel odio tincidunt.<\/span><\/div><\/div><script>\t\t\t\t\t\t\t\r\n\t\t\t\t\t\t\tjQuery(document).ready(function($){\t\t\t\t\t\t\r\n\t\t\t\t\t\t\t\tvar progressBar = function() {\r\n\t\t\t\t\t\t\t\t\tvar percent = $('#progress-wrap-538526880').attr('data-progress-percent');\r\n\t\t\t\t\t\t\t\t\t$('#progress-bar-538526880').animate({\r\n\t\t\t\t\t\t\t\t\t\twidth: percent + '%'\r\n\t\t\t\t\t\t\t\t\t}, 500);\r\n\t\t\t\t\t\t\t\t}\r\n\t\t\t\t\t\t\t\t$('#progress-bar-538526880').waypoint(progressBar, { offset: '100%', triggerOnce: false });\r\n\t\t\t\t\t\t\t\t\r\n\t\t\t\t\t\t\t});\r\n\t\r\n\t\t\t\t\t\t<\/script>[vc_empty_space height=\u00bb20px\u00bb]<div class=\"chronologyitem-bar\"><div class=\"progress-content\"><div id=\"progress-wrap-1434297150\" class=\"progress-wrap progress\" data-progress-percent=\"25\" style=\"border-color:#ffffff;\">\r\n\t\t\t\t\t\t\t\t\t\t<div id=\"progress-bar-1434297150\" class=\"progress-bar progress\" style=\"background:#ffffff;\"><\/div>\r\n\t\t\t\t\t\t\t\t\t<\/div><\/div><div class=\"chronologyitem-text\" style=\"color:#ffffff;\"><span class=\"year\">- 1990,<\/span><span class=\"text\">Sed fermentum nisl vitae turpis tempus varius.<\/span><\/div><\/div><script>\t\t\t\t\t\t\t\r\n\t\t\t\t\t\t\tjQuery(document).ready(function($){\t\t\t\t\t\t\r\n\t\t\t\t\t\t\t\tvar progressBar = function() {\r\n\t\t\t\t\t\t\t\t\tvar percent = $('#progress-wrap-1434297150').attr('data-progress-percent');\r\n\t\t\t\t\t\t\t\t\t$('#progress-bar-1434297150').animate({\r\n\t\t\t\t\t\t\t\t\t\twidth: percent + '%'\r\n\t\t\t\t\t\t\t\t\t}, 500);\r\n\t\t\t\t\t\t\t\t}\r\n\t\t\t\t\t\t\t\t$('#progress-bar-1434297150').waypoint(progressBar, { offset: '100%', triggerOnce: false });\r\n\t\t\t\t\t\t\t\t\r\n\t\t\t\t\t\t\t});\r\n\t\r\n\t\t\t\t\t\t<\/script>[vc_empty_space height=\u00bb20px\u00bb]<div class=\"chronologyitem-bar\"><div class=\"progress-content\"><div id=\"progress-wrap-25642476\" class=\"progress-wrap progress\" data-progress-percent=\"38\" style=\"border-color:#ffffff;\">\r\n\t\t\t\t\t\t\t\t\t\t<div id=\"progress-bar-25642476\" class=\"progress-bar progress\" style=\"background:#ffffff;\"><\/div>\r\n\t\t\t\t\t\t\t\t\t<\/div><\/div><div class=\"chronologyitem-text\" style=\"color:#ffffff;\"><span class=\"year\">- 1995,<\/span><span class=\"text\">Curabitur fermentum mi et sapien maximus malesuada. Sed massa.<\/span><\/div><\/div><script>\t\t\t\t\t\t\t\r\n\t\t\t\t\t\t\tjQuery(document).ready(function($){\t\t\t\t\t\t\r\n\t\t\t\t\t\t\t\tvar progressBar = function() {\r\n\t\t\t\t\t\t\t\t\tvar percent = $('#progress-wrap-25642476').attr('data-progress-percent');\r\n\t\t\t\t\t\t\t\t\t$('#progress-bar-25642476').animate({\r\n\t\t\t\t\t\t\t\t\t\twidth: percent + '%'\r\n\t\t\t\t\t\t\t\t\t}, 500);\r\n\t\t\t\t\t\t\t\t}\r\n\t\t\t\t\t\t\t\t$('#progress-bar-25642476').waypoint(progressBar, { offset: '100%', triggerOnce: false });\r\n\t\t\t\t\t\t\t\t\r\n\t\t\t\t\t\t\t});\r\n\t\r\n\t\t\t\t\t\t<\/script>[vc_empty_space height=\u00bb20px\u00bb]<div class=\"chronologyitem-bar\"><div class=\"progress-content\"><div id=\"progress-wrap-150103102\" class=\"progress-wrap progress\" data-progress-percent=\"53\" style=\"border-color:#ffffff;\">\r\n\t\t\t\t\t\t\t\t\t\t<div id=\"progress-bar-150103102\" class=\"progress-bar progress\" style=\"background:#ffffff;\"><\/div>\r\n\t\t\t\t\t\t\t\t\t<\/div><\/div><div class=\"chronologyitem-text\" style=\"color:#ffffff;\"><span class=\"year\">- 1998,<\/span><span class=\"text\">In hac habitasse platea dictumst.<\/span><\/div><\/div><script>\t\t\t\t\t\t\t\r\n\t\t\t\t\t\t\tjQuery(document).ready(function($){\t\t\t\t\t\t\r\n\t\t\t\t\t\t\t\tvar progressBar = function() {\r\n\t\t\t\t\t\t\t\t\tvar percent = $('#progress-wrap-150103102').attr('data-progress-percent');\r\n\t\t\t\t\t\t\t\t\t$('#progress-bar-150103102').animate({\r\n\t\t\t\t\t\t\t\t\t\twidth: percent + '%'\r\n\t\t\t\t\t\t\t\t\t}, 500);\r\n\t\t\t\t\t\t\t\t}\r\n\t\t\t\t\t\t\t\t$('#progress-bar-150103102').waypoint(progressBar, { offset: '100%', triggerOnce: false });\r\n\t\t\t\t\t\t\t\t\r\n\t\t\t\t\t\t\t});\r\n\t\r\n\t\t\t\t\t\t<\/script>[vc_empty_space height=\u00bb20px\u00bb]<div class=\"chronologyitem-bar\"><div class=\"progress-content\"><div id=\"progress-wrap-3810000640\" class=\"progress-wrap progress\" data-progress-percent=\"80\" style=\"border-color:#ffffff;\">\r\n\t\t\t\t\t\t\t\t\t\t<div id=\"progress-bar-3810000640\" class=\"progress-bar progress\" style=\"background:#ffffff;\"><\/div>\r\n\t\t\t\t\t\t\t\t\t<\/div><\/div><div class=\"chronologyitem-text\" style=\"color:#ffffff;\"><span class=\"year\">- 2007,<\/span><span class=\"text\">In hac habitasse platea dictumst.<\/span><\/div><\/div><script>\t\t\t\t\t\t\t\r\n\t\t\t\t\t\t\tjQuery(document).ready(function($){\t\t\t\t\t\t\r\n\t\t\t\t\t\t\t\tvar progressBar = function() {\r\n\t\t\t\t\t\t\t\t\tvar percent = $('#progress-wrap-3810000640').attr('data-progress-percent');\r\n\t\t\t\t\t\t\t\t\t$('#progress-bar-3810000640').animate({\r\n\t\t\t\t\t\t\t\t\t\twidth: percent + '%'\r\n\t\t\t\t\t\t\t\t\t}, 500);\r\n\t\t\t\t\t\t\t\t}\r\n\t\t\t\t\t\t\t\t$('#progress-bar-3810000640').waypoint(progressBar, { offset: '100%', triggerOnce: false });\r\n\t\t\t\t\t\t\t\t\r\n\t\t\t\t\t\t\t});\r\n\t\r\n\t\t\t\t\t\t<\/script>[vc_empty_space height=\u00bb20px\u00bb]<div class=\"chronologyitem-bar\"><div class=\"progress-content\"><div id=\"progress-wrap-867384400\" class=\"progress-wrap progress\" data-progress-percent=\"100\" style=\"border-color:#ffffff;\">\r\n\t\t\t\t\t\t\t\t\t\t<div id=\"progress-bar-867384400\" class=\"progress-bar progress\" style=\"background:#ffffff;\"><\/div>\r\n\t\t\t\t\t\t\t\t\t<\/div><\/div><div class=\"chronologyitem-text\" style=\"color:#ffffff;\"><span class=\"year\">- 2016,<\/span><span class=\"text\">Cras euismod odio eget ex eleifend ullamcorper.<\/span><\/div><\/div><script>\t\t\t\t\t\t\t\r\n\t\t\t\t\t\t\tjQuery(document).ready(function($){\t\t\t\t\t\t\r\n\t\t\t\t\t\t\t\tvar progressBar = function() {\r\n\t\t\t\t\t\t\t\t\tvar percent = $('#progress-wrap-867384400').attr('data-progress-percent');\r\n\t\t\t\t\t\t\t\t\t$('#progress-bar-867384400').animate({\r\n\t\t\t\t\t\t\t\t\t\twidth: percent + '%'\r\n\t\t\t\t\t\t\t\t\t}, 500);\r\n\t\t\t\t\t\t\t\t}\r\n\t\t\t\t\t\t\t\t$('#progress-bar-867384400').waypoint(progressBar, { offset: '100%', triggerOnce: false });\r\n\t\t\t\t\t\t\t\t\r\n\t\t\t\t\t\t\t});\r\n\t\r\n\t\t\t\t\t\t<\/script>[\/vc_column_inner][\/vc_row_inner][\/vc_column][\/vc_row][vc_row equal_height=\u00bbyes\u00bb][vc_column width=\u00bb1\/2&#8243; el_class=\u00bbbgfixed backgroundcentercenter\u00bb css=\u00bb.vc_custom_1599727834172{padding-top: 250px !important;padding-bottom: 250px !important;background-image: url(https:\/\/autotranscais.com\/wp-content\/uploads\/2020\/09\/ft01_transp.jpg?id=2059) !important;background-position: center !important;background-repeat: no-repeat !important;background-size: cover !important;}\u00bb][\/vc_column][vc_column width=\u00bb1\/2&#8243; css=\u00bb.vc_custom_1601046094149{padding-top: 46px !important;padding-right: 68px !important;padding-bottom: 47px !important;padding-left: 68px !important;background-color: #e8e8e8 !important;}\u00bb][vc_row_inner el_class=\u00bbfull-area-container-content-left\u00bb css=\u00bb.vc_custom_1458941842529{padding-left: 0px !important;}\u00bb][vc_column_inner el_class=\u00bbmobile-padding-none\u00bb css=\u00bb.vc_custom_1458942008831{padding-right: 35px !important;padding-left: 0px !important;}\u00bb][vc_custom_heading text=\u00bbQUE TE OFRECEMOS\u00bb font_container=\u00bbtag:h2|font_size:22px|text_align:left|color:%23444444&#8243; use_theme_fonts=\u00bbyes\u00bb css=\u00bb.vc_custom_1615477742915{margin-top: 0px !important;margin-bottom: 18px !important;}\u00bb][vc_empty_space height=\u00bb26px\u00bb]<div class=\"content-widget-title   text-left\"><h3 style=\"color:#444444;\">La seguridad<\/h3><\/div>[vc_empty_space height=\u00bb20px\u00bb]<div class=\"content-widget-title   text-left\"><h3 style=\"color:#444444;\">Profesionalismo<\/h3><\/div>[vc_empty_space height=\u00bb20px\u00bb]<div class=\"content-widget-title   text-left\"><h3 style=\"color:#444444;\">Eficacia t\u00e9cnica<\/h3><\/div>[vc_empty_space height=\u00bb20px\u00bb]<div class=\"content-widget-title   text-left\"><h3 style=\"color:#444444;\">Velocidad (24h \/ d\u00eda)<\/h3><\/div>[vc_empty_space height=\u00bb20px\u00bb]<div class=\"content-widget-title   text-left\"><h3 style=\"color:#444444;\">C\u00f3mplice legal<\/h3><\/div>[vc_empty_space height=\u00bb20px\u00bb]<div class=\"content-widget-title   text-left\"><h3 style=\"color:#444444;\">Respeto medioambiental<\/h3><\/div>[vc_empty_space height=\u00bb20px\u00bb]<div class=\"content-widget-title   text-left\"><h3 style=\"color:#444444;\">Responsabilidad social<\/h3><\/div>[\/vc_column_inner][\/vc_row_inner][\/vc_column][\/vc_row]<\/p>\n","protected":false},"excerpt":{"rendered":"<p>[vc_row el_class=\u00bbcontainer\u00bb css=\u00bb.vc_custom_1458478155354{padding-right: 0px !important;padding-left: 0px !important;}\u00bb][vc_column width=\u00bb1\/2&#8243; el_class=\u00bbanimate anim-fadeIn\u00bb][vc_column_text] En 1994 nace Autotranscais. Debido al r\u00e1pido crecimiento de la compa\u00f1\u00eda en el sector de asistencia en viaje y en el sector del transporte automotor, aparecieron nuevos desaf\u00edos en el mercado nacional e internacional a los que no pod\u00edamos dejar de dar respuesta. Ha sido&#8230;<\/p>\n","protected":false},"author":1,"featured_media":2049,"parent":0,"menu_order":0,"comment_status":"closed","ping_status":"closed","template":"","meta":{"footnotes":""},"class_list":["post-2659","page","type-page","status-publish","has-post-thumbnail","hentry"],"yoast_head":"<!-- This site is optimized with the Yoast SEO Premium plugin v22.9 (Yoast SEO v25.6) - https:\/\/yoast.com\/wordpress\/plugins\/seo\/ -->\n<title>Empresa - AutoTranscais<\/title>\n<meta name=\"robots\" content=\"index, follow, max-snippet:-1, max-image-preview:large, max-video-preview:-1\" \/>\n<link rel=\"canonical\" href=\"https:\/\/autotranscais.com\/es\/empresa\/\" \/>\n<meta property=\"og:locale\" content=\"es_ES\" \/>\n<meta property=\"og:type\" content=\"article\" \/>\n<meta property=\"og:title\" content=\"Empresa\" \/>\n<meta property=\"og:description\" content=\"[vc_row el_class=\u00bbcontainer\u00bb css=\u00bb.vc_custom_1458478155354{padding-right: 0px !important;padding-left: 0px !important;}\u00bb][vc_column width=\u00bb1\/2&#8243; el_class=\u00bbanimate anim-fadeIn\u00bb][vc_column_text] En 1994 nace Autotranscais. Debido al r\u00e1pido crecimiento de la compa\u00f1\u00eda en el sector de asistencia en viaje y en el sector del transporte automotor, aparecieron nuevos desaf\u00edos en el mercado nacional e internacional a los que no pod\u00edamos dejar de dar respuesta. Ha sido...\" \/>\n<meta property=\"og:url\" content=\"https:\/\/autotranscais.com\/es\/empresa\/\" \/>\n<meta property=\"og:site_name\" content=\"AutoTranscais\" \/>\n<meta property=\"article:modified_time\" content=\"2025-08-08T10:25:00+00:00\" \/>\n<meta property=\"og:image\" content=\"https:\/\/autotranscais.com\/wp-content\/uploads\/2020\/09\/ft_top_empresa.png\" \/>\n\t<meta property=\"og:image:width\" content=\"1920\" \/>\n\t<meta property=\"og:image:height\" content=\"212\" \/>\n\t<meta property=\"og:image:type\" content=\"image\/png\" \/>\n<meta name=\"twitter:card\" content=\"summary_large_image\" \/>\n<meta name=\"twitter:label1\" content=\"Tiempo de lectura\" \/>\n\t<meta name=\"twitter:data1\" content=\"4 minutos\" \/>\n<script type=\"application\/ld+json\" class=\"yoast-schema-graph\">{\"@context\":\"https:\/\/schema.org\",\"@graph\":[{\"@type\":\"WebPage\",\"@id\":\"https:\/\/autotranscais.com\/es\/empresa\/\",\"url\":\"https:\/\/autotranscais.com\/es\/empresa\/\",\"name\":\"Empresa - AutoTranscais\",\"isPartOf\":{\"@id\":\"https:\/\/autotranscais.com\/es\/#website\"},\"primaryImageOfPage\":{\"@id\":\"https:\/\/autotranscais.com\/es\/empresa\/#primaryimage\"},\"image\":{\"@id\":\"https:\/\/autotranscais.com\/es\/empresa\/#primaryimage\"},\"thumbnailUrl\":\"https:\/\/autotranscais.com\/wp-content\/uploads\/2020\/09\/ft_top_empresa.png\",\"datePublished\":\"2016-03-16T13:14:33+00:00\",\"dateModified\":\"2025-08-08T10:25:00+00:00\",\"breadcrumb\":{\"@id\":\"https:\/\/autotranscais.com\/es\/empresa\/#breadcrumb\"},\"inLanguage\":\"es\",\"potentialAction\":[{\"@type\":\"ReadAction\",\"target\":[\"https:\/\/autotranscais.com\/es\/empresa\/\"]}]},{\"@type\":\"ImageObject\",\"inLanguage\":\"es\",\"@id\":\"https:\/\/autotranscais.com\/es\/empresa\/#primaryimage\",\"url\":\"https:\/\/autotranscais.com\/wp-content\/uploads\/2020\/09\/ft_top_empresa.png\",\"contentUrl\":\"https:\/\/autotranscais.com\/wp-content\/uploads\/2020\/09\/ft_top_empresa.png\",\"width\":1920,\"height\":212},{\"@type\":\"BreadcrumbList\",\"@id\":\"https:\/\/autotranscais.com\/es\/empresa\/#breadcrumb\",\"itemListElement\":[{\"@type\":\"ListItem\",\"position\":1,\"name\":\"In\u00edcio\",\"item\":\"https:\/\/autotranscais.com\/es\/\"},{\"@type\":\"ListItem\",\"position\":2,\"name\":\"Empresa\"}]},{\"@type\":\"WebSite\",\"@id\":\"https:\/\/autotranscais.com\/es\/#website\",\"url\":\"https:\/\/autotranscais.com\/es\/\",\"name\":\"AutoTranscais\",\"description\":\"Transportes Rodovi\u00e1rios, Reboque, Oficina\",\"publisher\":{\"@id\":\"https:\/\/autotranscais.com\/es\/#organization\"},\"potentialAction\":[{\"@type\":\"SearchAction\",\"target\":{\"@type\":\"EntryPoint\",\"urlTemplate\":\"https:\/\/autotranscais.com\/es\/?s={search_term_string}\"},\"query-input\":{\"@type\":\"PropertyValueSpecification\",\"valueRequired\":true,\"valueName\":\"search_term_string\"}}],\"inLanguage\":\"es\"},{\"@type\":\"Organization\",\"@id\":\"https:\/\/autotranscais.com\/es\/#organization\",\"name\":\"AutoTranscais\",\"url\":\"https:\/\/autotranscais.com\/es\/\",\"logo\":{\"@type\":\"ImageObject\",\"inLanguage\":\"es\",\"@id\":\"https:\/\/autotranscais.com\/es\/#\/schema\/logo\/image\/\",\"url\":\"https:\/\/autotranscais.com\/wp-content\/uploads\/2020\/09\/Ativo-1@3x.png\",\"contentUrl\":\"https:\/\/autotranscais.com\/wp-content\/uploads\/2020\/09\/Ativo-1@3x.png\",\"width\":360,\"height\":162,\"caption\":\"AutoTranscais\"},\"image\":{\"@id\":\"https:\/\/autotranscais.com\/es\/#\/schema\/logo\/image\/\"}}]}<\/script>\n<!-- \/ Yoast SEO Premium plugin. -->","yoast_head_json":{"title":"Empresa - AutoTranscais","robots":{"index":"index","follow":"follow","max-snippet":"max-snippet:-1","max-image-preview":"max-image-preview:large","max-video-preview":"max-video-preview:-1"},"canonical":"https:\/\/autotranscais.com\/es\/empresa\/","og_locale":"es_ES","og_type":"article","og_title":"Empresa","og_description":"[vc_row el_class=\u00bbcontainer\u00bb css=\u00bb.vc_custom_1458478155354{padding-right: 0px !important;padding-left: 0px !important;}\u00bb][vc_column width=\u00bb1\/2&#8243; el_class=\u00bbanimate anim-fadeIn\u00bb][vc_column_text] En 1994 nace Autotranscais. Debido al r\u00e1pido crecimiento de la compa\u00f1\u00eda en el sector de asistencia en viaje y en el sector del transporte automotor, aparecieron nuevos desaf\u00edos en el mercado nacional e internacional a los que no pod\u00edamos dejar de dar respuesta. Ha sido...","og_url":"https:\/\/autotranscais.com\/es\/empresa\/","og_site_name":"AutoTranscais","article_modified_time":"2025-08-08T10:25:00+00:00","og_image":[{"width":1920,"height":212,"url":"https:\/\/autotranscais.com\/wp-content\/uploads\/2020\/09\/ft_top_empresa.png","type":"image\/png"}],"twitter_card":"summary_large_image","twitter_misc":{"Tiempo de lectura":"4 minutos"},"schema":{"@context":"https:\/\/schema.org","@graph":[{"@type":"WebPage","@id":"https:\/\/autotranscais.com\/es\/empresa\/","url":"https:\/\/autotranscais.com\/es\/empresa\/","name":"Empresa - AutoTranscais","isPartOf":{"@id":"https:\/\/autotranscais.com\/es\/#website"},"primaryImageOfPage":{"@id":"https:\/\/autotranscais.com\/es\/empresa\/#primaryimage"},"image":{"@id":"https:\/\/autotranscais.com\/es\/empresa\/#primaryimage"},"thumbnailUrl":"https:\/\/autotranscais.com\/wp-content\/uploads\/2020\/09\/ft_top_empresa.png","datePublished":"2016-03-16T13:14:33+00:00","dateModified":"2025-08-08T10:25:00+00:00","breadcrumb":{"@id":"https:\/\/autotranscais.com\/es\/empresa\/#breadcrumb"},"inLanguage":"es","potentialAction":[{"@type":"ReadAction","target":["https:\/\/autotranscais.com\/es\/empresa\/"]}]},{"@type":"ImageObject","inLanguage":"es","@id":"https:\/\/autotranscais.com\/es\/empresa\/#primaryimage","url":"https:\/\/autotranscais.com\/wp-content\/uploads\/2020\/09\/ft_top_empresa.png","contentUrl":"https:\/\/autotranscais.com\/wp-content\/uploads\/2020\/09\/ft_top_empresa.png","width":1920,"height":212},{"@type":"BreadcrumbList","@id":"https:\/\/autotranscais.com\/es\/empresa\/#breadcrumb","itemListElement":[{"@type":"ListItem","position":1,"name":"In\u00edcio","item":"https:\/\/autotranscais.com\/es\/"},{"@type":"ListItem","position":2,"name":"Empresa"}]},{"@type":"WebSite","@id":"https:\/\/autotranscais.com\/es\/#website","url":"https:\/\/autotranscais.com\/es\/","name":"AutoTranscais","description":"Transportes Rodovi\u00e1rios, Reboque, Oficina","publisher":{"@id":"https:\/\/autotranscais.com\/es\/#organization"},"potentialAction":[{"@type":"SearchAction","target":{"@type":"EntryPoint","urlTemplate":"https:\/\/autotranscais.com\/es\/?s={search_term_string}"},"query-input":{"@type":"PropertyValueSpecification","valueRequired":true,"valueName":"search_term_string"}}],"inLanguage":"es"},{"@type":"Organization","@id":"https:\/\/autotranscais.com\/es\/#organization","name":"AutoTranscais","url":"https:\/\/autotranscais.com\/es\/","logo":{"@type":"ImageObject","inLanguage":"es","@id":"https:\/\/autotranscais.com\/es\/#\/schema\/logo\/image\/","url":"https:\/\/autotranscais.com\/wp-content\/uploads\/2020\/09\/Ativo-1@3x.png","contentUrl":"https:\/\/autotranscais.com\/wp-content\/uploads\/2020\/09\/Ativo-1@3x.png","width":360,"height":162,"caption":"AutoTranscais"},"image":{"@id":"https:\/\/autotranscais.com\/es\/#\/schema\/logo\/image\/"}}]}},"_links":{"self":[{"href":"https:\/\/autotranscais.com\/es\/wp-json\/wp\/v2\/pages\/2659","targetHints":{"allow":["GET"]}}],"collection":[{"href":"https:\/\/autotranscais.com\/es\/wp-json\/wp\/v2\/pages"}],"about":[{"href":"https:\/\/autotranscais.com\/es\/wp-json\/wp\/v2\/types\/page"}],"author":[{"embeddable":true,"href":"https:\/\/autotranscais.com\/es\/wp-json\/wp\/v2\/users\/1"}],"replies":[{"embeddable":true,"href":"https:\/\/autotranscais.com\/es\/wp-json\/wp\/v2\/comments?post=2659"}],"version-history":[{"count":7,"href":"https:\/\/autotranscais.com\/es\/wp-json\/wp\/v2\/pages\/2659\/revisions"}],"predecessor-version":[{"id":2974,"href":"https:\/\/autotranscais.com\/es\/wp-json\/wp\/v2\/pages\/2659\/revisions\/2974"}],"wp:featuredmedia":[{"embeddable":true,"href":"https:\/\/autotranscais.com\/es\/wp-json\/wp\/v2\/media\/2049"}],"wp:attachment":[{"href":"https:\/\/autotranscais.com\/es\/wp-json\/wp\/v2\/media?parent=2659"}],"curies":[{"name":"wp","href":"https:\/\/api.w.org\/{rel}","templated":true}]}}