{"id":2670,"date":"2016-03-16T13:23:59","date_gmt":"2016-03-16T13:23:59","guid":{"rendered":"https:\/\/autotranscais.com\/desempanagem-movel\/"},"modified":"2025-08-08T10:25:01","modified_gmt":"2025-08-08T10:25:01","slug":"recuperacion-movil","status":"publish","type":"page","link":"https:\/\/autotranscais.com\/es\/recuperacion-movil\/","title":{"rendered":"Recuperaci\u00f3n m\u00f3vil"},"content":{"rendered":"<p>[vc_row el_class=\u00bbcontainer\u00bb css=\u00bb.vc_custom_1459007376178{margin-bottom: 9px !important;padding-right: 0px !important;padding-left: 0px !important;}\u00bb][vc_column]<div class=\"feature-box horizontal custom\"><div class=\"image left\" style=\"background-image:url(https:\/\/autotranscais.com\/wp-content\/uploads\/2021\/02\/IMG-20210204-WA0009.jpg);\"><\/div><div class=\"feature-box-content left\" style=\"background:#dddddd;\"><div class=\"feature-box-icon\"><i class=\"fa fa-wrench\"><\/i><\/div><h4 style=\"color:#444444;\" class=\"text-left\">Asistencia y Reparaci\u00f3n 24h<\/h4><p style=\"color:#444444;\" class=\"text-left\">Veh\u00edculos Ligeros | Veh\u00edculos Pesados<br \/>\nMotos | Caravanas | Otros<\/p><p style=\"color:#444444;\" class=\"text-left\"><\/p>\n<h4>Cambio de combustible<\/h4>\n<h4>Sustituci\u00f3n de bater\u00edas<\/h4>\n<h4>Veh\u00edculo equipado con autodiagn\u00f3stico<\/h4>\n<p><\/p><\/div><\/div>[vc_empty_space height=\u00bb64px\u00bb][vc_single_image image=\u00bb2321&#8243; img_size=\u00bbfull\u00bb alignment=\u00bbcenter\u00bb][\/vc_column][\/vc_row][vc_row full_width=\u00bbstretch_row\u00bb el_class=\u00bbbackgroundtopleft\u00bb css=\u00bb.vc_custom_1718370077708{padding-top: 30px !important;padding-bottom: 30px !important;background-color: #f4f4f4 !important;background-position: center !important;background-repeat: no-repeat !important;background-size: cover !important;}\u00bb][vc_column][vc_row_inner el_class=\u00bbcontainer\u00bb][vc_column_inner][vc_column_text]<\/p>\n<div class=\"content-widget-title blue text-left\">\n<h2>La Importancia de la Asistencia en Carretera M\u00f3vil<\/h2>\n<\/div>\n<p>En primer lugar, es fundamental comprender por qu\u00e9 los servicios de asistencia en carretera m\u00f3vil son esenciales para cualquier conductor. Cuando se est\u00e1 en la carretera, pueden surgir situaciones imprevistas en cualquier momento, ya sea una aver\u00eda del motor, una bater\u00eda descargada o incluso un error al elegir el combustible. En estas ocasiones, es importante tener la certeza de que la ayuda est\u00e1 en camino y, lo que es a\u00fan m\u00e1s importante, que dicha ayuda est\u00e9 cualificada y equipada para resolver el problema de forma r\u00e1pida y eficaz.<\/p>\n<p>Adem\u00e1s, el servicio de asistencia en carretera m\u00f3vil no solo proporciona una soluci\u00f3n inmediata al problema en cuesti\u00f3n, sino que tambi\u00e9n garantiza la seguridad del conductor y de los pasajeros. Quedarse atrapado en una carretera transitada o en una zona aislada puede ser peligroso, especialmente de noche o en condiciones meteorol\u00f3gicas adversas. Auto-Transcais asegura que, independientemente del lugar o la hora, un profesional estar\u00e1 listo para prestar asistencia.<\/p>\n<p>[\/vc_column_text][\/vc_column_inner][\/vc_row_inner][\/vc_column][\/vc_row][vc_row el_class=\u00bbcontainer\u00bb][vc_column][vc_row_inner][vc_column_inner][vc_column_text]<\/p>\n<div class=\"content-widget-title blue text-left\">\n<h3>Servicios de Asistencia y Reparaci\u00f3n 24h<\/h3>\n<p>En cuanto a asistencia, Auto-Transcais se distingue por ofrecer un servicio de reparaci\u00f3n disponible las 24 horas del d\u00eda, los 7 d\u00edas de la semana. Adem\u00e1s, estamos equipados para atender una amplia gama de veh\u00edculos, desde ligeros hasta pesados, incluyendo motos, caravanas y otros tipos de veh\u00edculos. Nuestro equipo de t\u00e9cnicos altamente cualificados est\u00e1 preparado para afrontar cualquier reto, utilizando las tecnolog\u00edas de diagn\u00f3stico y reparaci\u00f3n m\u00e1s avanzadas.<\/p>\n<\/div>\n<p>[\/vc_column_text][\/vc_column_inner][\/vc_row_inner][\/vc_column][\/vc_row][vc_row gap=\u00bb25&#8243; el_class=\u00bbcontainer\u00bb][vc_column width=\u00bb1\/3&#8243;]<div class=\"services-box \"><div class=\"services-box-icon text-center\"><i class=\"fa fa-clock-o\"><\/i><\/div><h3 class=\"text-center\">Servicios de Asistencia y Reparaci\u00f3n 24h<\/h3><p class=\"text-center\">En cuanto a asistencia, Auto-Transcais se distingue por ofrecer un servicio de reparaci\u00f3n disponible las 24 horas del d\u00eda, los 7 d\u00edas de la semana. Adem\u00e1s, estamos equipados para atender una amplia gama de veh\u00edculos, desde ligeros hasta pesados, incluyendo motos, caravanas y otros tipos de veh\u00edculos. Nuestro equipo de t\u00e9cnicos altamente cualificados est\u00e1 preparado para afrontar cualquier reto, utilizando las tecnolog\u00edas de diagn\u00f3stico y reparaci\u00f3n m\u00e1s avanzadas.<\/p><\/div>[\/vc_column][vc_column width=\u00bb1\/3&#8243;]<div class=\"services-box \"><div class=\"services-box-icon text-center\"><i class=\"fa fa-industry\"><\/i><\/div><h3 class=\"text-center\">Cambio de Combustible<\/h3><p class=\"text-center\">Una de las situaciones m\u00e1s comunes a las que se enfrentan los conductores es poner el combustible incorrecto en el veh\u00edculo. Este error, que le puede ocurrir a cualquiera, puede causar da\u00f1os graves al motor si no se trata de inmediato. Afortunadamente, AutoTranscais ofrece un servicio r\u00e1pido y eficaz de cambio de combustible, minimizando los da\u00f1os y asegurando que su veh\u00edculo vuelva a funcionar correctamente en poco tiempo.<\/p><\/div>[\/vc_column][vc_column width=\u00bb1\/3&#8243;]<div class=\"services-box \"><div class=\"services-box-icon text-center\"><i class=\"fa fa-pencil\"><\/i><\/div><h3 class=\"text-center\">Soluciones Personalizadas<\/h3><p class=\"text-center\">Entendemos que cada cliente tiene necesidades espec\u00edficas. Por eso, ofrecemos soluciones personalizadas de transporte, adaptadas al tipo de veh\u00edculo y al destino. Desde la planificaci\u00f3n hasta la entrega, supervisamos cada etapa del proceso para garantizar un servicio eficiente y sin contratiempos. De esta forma, aseguramos que cada detalle sea atendido con precisi\u00f3n.<\/p><\/div>[\/vc_column][\/vc_row][vc_row el_class=\u00bbcontainer\u00bb][vc_column][vc_empty_space][\/vc_column][\/vc_row][vc_row full_width=\u00bbstretch_row\u00bb el_class=\u00bbbackgroundtopleft\u00bb css=\u00bb.vc_custom_1718370077708{padding-top: 30px !important;padding-bottom: 30px !important;background-color: #f4f4f4 !important;background-position: center !important;background-repeat: no-repeat !important;background-size: cover !important;}\u00bb][vc_column][vc_row_inner el_class=\u00bbcontainer\u00bb][vc_column_inner][vc_column_text]<\/p>\n<div class=\"wpb_text_column wpb_content_element \">\n<div class=\"wpb_wrapper\">\n<div class=\"content-widget-title blue text-left\">\n<h2>Ventajas de Elegir AutoTranscais<\/h2>\n<\/div>\n<p>Optar por los servicios de AutoTranscais ofrece varias ventajas. En primer lugar, garantizamos una respuesta r\u00e1pida, lo cual es crucial en situaciones de emergencia. En segundo lugar, nuestro servicio es extremadamente completo, lo que significa que podemos afrontar casi cualquier situaci\u00f3n que pueda surgir en carretera. Por \u00faltimo, nuestro compromiso con la satisfacci\u00f3n del cliente es incuestionable, y trabajamos arduamente para garantizar que cada cliente reciba un servicio de alta calidad.<\/p>\n<\/div>\n<\/div>\n<div class=\"wpb_text_column wpb_content_element \">\n<div class=\"wpb_wrapper\">\n<div class=\"content-widget-title blue text-left\">\n<h2>Importancia del Mantenimiento Preventivo<\/h2>\n<\/div>\n<p>Aunque el servicio de asistencia en carretera es esencial, el mantenimiento preventivo de su veh\u00edculo tampoco debe descuidarse. AutoTranscais recomienda que todos los conductores realicen revisiones peri\u00f3dicas y mantengan su veh\u00edculo en buen estado de funcionamiento. Esto no solo reduce la probabilidad de aver\u00edas, sino que tambi\u00e9n prolonga la vida \u00fatil del veh\u00edculo y mejora la eficiencia del combustible. Para ayudar a nuestros clientes en este proceso, ofrecemos consejos y servicios de mantenimiento preventivo, como la verificaci\u00f3n de niveles de aceite, inspecci\u00f3n de frenos y control de neum\u00e1ticos. <a href=\"https:\/\/autotranscais.com\/contactos\/\">\u00a1Agende una visita a nuestro taller!<\/a><\/p>\n<\/div>\n<\/div>\n<div class=\"wpb_text_column wpb_content_element \">\n<div class=\"wpb_wrapper\">\n<div class=\"content-widget-title blue text-left\">\n<h2>El Futuro de la Asistencia en Carretera M\u00f3vil<\/h2>\n<\/div>\n<p>Con el avance de la tecnolog\u00eda, los servicios de asistencia en carretera m\u00f3vil seguir\u00e1n evolucionando. AutoTranscais est\u00e1 comprometida a seguir estos cambios, adoptando nuevas tecnolog\u00edas y pr\u00e1cticas que mejoren a\u00fan m\u00e1s nuestra capacidad para atender a los clientes. Ya sea mediante la introducci\u00f3n de nuevos equipos de diagn\u00f3stico o la implementaci\u00f3n de soluciones de asistencia m\u00e1s sostenibles, nuestra misi\u00f3n es seguir siendo l\u00edderes en el sector, ofreciendo un servicio que combina tradici\u00f3n e innovaci\u00f3n.<\/p>\n<\/div>\n<\/div>\n<p>[\/vc_column_text][\/vc_column_inner][\/vc_row_inner][\/vc_column][\/vc_row][vc_row el_class=\u00bbcontainer\u00bb][vc_column][vc_empty_space height=\u00bb62px\u00bb][\/vc_column][\/vc_row][vc_row full_width=\u00bbstretch_row\u00bb el_class=\u00bbbackgroundtopleft\u00bb css=\u00bb.vc_custom_1718372444088{margin-bottom: 0px !important;padding-top: 30px !important;padding-bottom: 30px !important;background: #444444 url(https:\/\/autotranscais.com\/wp-content\/uploads\/2020\/09\/6473-1.png?id=2029) !important;background-position: center !important;background-repeat: no-repeat !important;background-size: cover !important;}\u00bb][vc_column][vc_row_inner el_class=\u00bbcontainer\u00bb][vc_column_inner][vc_column_text]<\/p>\n<h2 style=\"text-align: center;\"><span style=\"color: #ffffff;\">Conclusi\u00f3n<\/span><\/h2>\n<p style=\"text-align: center;\"><span style=\"color: #ffffff;\">En resumen, AutoTranscais ofrece un servicio de asistencia en carretera m\u00f3vil inigualable en t\u00e9rminos de eficiencia, cobertura y calidad. Sin embargo, lo que realmente nos distingue es nuestro compromiso con nuestros clientes. Desde la asistencia 24 horas hasta el cambio de combustible y la sustituci\u00f3n de bater\u00edas, estamos preparados para ayudarle en cualquier situaci\u00f3n. No solo resolvemos problemas, sino que tambi\u00e9n nos aseguramos de que su experiencia en la carretera sea lo m\u00e1s fluida y segura posible. Si necesita asistencia, no dude en ponerse en contacto con nosotros, ya que siempre estamos listos para ayudar. Para saber m\u00e1s sobre nuestros servicios, visite nuestro sitio web <a style=\"color: #ffffff;\" href=\"https:\/\/autotranscais.com\/\" rel=\"noreferrer\">AQU\u00cd<\/a>.<\/span><\/p>\n<p style=\"text-align: center;\"><span style=\"color: #ffffff;\">Por lo tanto, confiar en AutoTranscais es garantizar que, independientemente de lo que ocurra en la carretera, siempre tendr\u00e1 una soluci\u00f3n a mano.<\/span><\/p>\n<p>[\/vc_column_text][\/vc_column_inner][\/vc_row_inner][\/vc_column][\/vc_row]<\/p>\n","protected":false},"excerpt":{"rendered":"<p>[vc_row el_class=\u00bbcontainer\u00bb css=\u00bb.vc_custom_1459007376178{margin-bottom: 9px !important;padding-right: 0px !important;padding-left: 0px !important;}\u00bb][vc_column][vc_empty_space height=\u00bb64px\u00bb][vc_single_image image=\u00bb2321&#8243; img_size=\u00bbfull\u00bb alignment=\u00bbcenter\u00bb][\/vc_column][\/vc_row][vc_row full_width=\u00bbstretch_row\u00bb el_class=\u00bbbackgroundtopleft\u00bb css=\u00bb.vc_custom_1718370077708{padding-top: 30px !important;padding-bottom: 30px !important;background-color: #f4f4f4 !important;background-position: center !important;background-repeat: no-repeat !important;background-size: cover !important;}\u00bb][vc_column][vc_row_inner el_class=\u00bbcontainer\u00bb][vc_column_inner][vc_column_text] La Importancia de la Asistencia en Carretera M\u00f3vil En primer lugar, es fundamental comprender por qu\u00e9 los servicios de asistencia en carretera m\u00f3vil son esenciales para&#8230;<\/p>\n","protected":false},"author":1,"featured_media":2330,"parent":0,"menu_order":0,"comment_status":"closed","ping_status":"closed","template":"","meta":{"footnotes":""},"class_list":["post-2670","page","type-page","status-publish","has-post-thumbnail","hentry"],"yoast_head":"<!-- This site is optimized with the Yoast SEO Premium plugin v22.9 (Yoast SEO v25.6) - https:\/\/yoast.com\/wordpress\/plugins\/seo\/ -->\n<title>Recuperaci\u00f3n m\u00f3vil - AutoTranscais<\/title>\n<meta name=\"robots\" content=\"index, follow, max-snippet:-1, max-image-preview:large, max-video-preview:-1\" \/>\n<link rel=\"canonical\" href=\"https:\/\/autotranscais.com\/es\/recuperacion-movil\/\" \/>\n<meta property=\"og:locale\" content=\"es_ES\" \/>\n<meta property=\"og:type\" content=\"article\" \/>\n<meta property=\"og:title\" content=\"Recuperaci\u00f3n m\u00f3vil\" \/>\n<meta property=\"og:description\" content=\"[vc_row el_class=\u00bbcontainer\u00bb css=\u00bb.vc_custom_1459007376178{margin-bottom: 9px !important;padding-right: 0px !important;padding-left: 0px !important;}\u00bb][vc_column][vc_empty_space height=\u00bb64px\u00bb][vc_single_image image=\u00bb2321&#8243; img_size=\u00bbfull\u00bb alignment=\u00bbcenter\u00bb][\/vc_column][\/vc_row][vc_row full_width=\u00bbstretch_row\u00bb el_class=\u00bbbackgroundtopleft\u00bb css=\u00bb.vc_custom_1718370077708{padding-top: 30px !important;padding-bottom: 30px !important;background-color: #f4f4f4 !important;background-position: center !important;background-repeat: no-repeat !important;background-size: cover !important;}\u00bb][vc_column][vc_row_inner el_class=\u00bbcontainer\u00bb][vc_column_inner][vc_column_text] La Importancia de la Asistencia en Carretera M\u00f3vil En primer lugar, es fundamental comprender por qu\u00e9 los servicios de asistencia en carretera m\u00f3vil son esenciales para...\" \/>\n<meta property=\"og:url\" content=\"https:\/\/autotranscais.com\/es\/recuperacion-movil\/\" \/>\n<meta property=\"og:site_name\" content=\"AutoTranscais\" \/>\n<meta property=\"article:modified_time\" content=\"2025-08-08T10:25:01+00:00\" \/>\n<meta property=\"og:image\" content=\"https:\/\/autotranscais.com\/wp-content\/uploads\/2020\/09\/ft_top_desemp.png\" \/>\n\t<meta property=\"og:image:width\" content=\"1920\" \/>\n\t<meta property=\"og:image:height\" content=\"212\" \/>\n\t<meta property=\"og:image:type\" content=\"image\/png\" \/>\n<meta name=\"twitter:card\" content=\"summary_large_image\" \/>\n<meta name=\"twitter:label1\" content=\"Tiempo de lectura\" \/>\n\t<meta name=\"twitter:data1\" content=\"1 minuto\" \/>\n<script type=\"application\/ld+json\" class=\"yoast-schema-graph\">{\"@context\":\"https:\/\/schema.org\",\"@graph\":[{\"@type\":\"WebPage\",\"@id\":\"https:\/\/autotranscais.com\/es\/recuperacion-movil\/\",\"url\":\"https:\/\/autotranscais.com\/es\/recuperacion-movil\/\",\"name\":\"Recuperaci\u00f3n m\u00f3vil - AutoTranscais\",\"isPartOf\":{\"@id\":\"https:\/\/autotranscais.com\/es\/#website\"},\"primaryImageOfPage\":{\"@id\":\"https:\/\/autotranscais.com\/es\/recuperacion-movil\/#primaryimage\"},\"image\":{\"@id\":\"https:\/\/autotranscais.com\/es\/recuperacion-movil\/#primaryimage\"},\"thumbnailUrl\":\"https:\/\/autotranscais.com\/wp-content\/uploads\/2020\/09\/ft_top_desemp.png\",\"datePublished\":\"2016-03-16T13:23:59+00:00\",\"dateModified\":\"2025-08-08T10:25:01+00:00\",\"breadcrumb\":{\"@id\":\"https:\/\/autotranscais.com\/es\/recuperacion-movil\/#breadcrumb\"},\"inLanguage\":\"es\",\"potentialAction\":[{\"@type\":\"ReadAction\",\"target\":[\"https:\/\/autotranscais.com\/es\/recuperacion-movil\/\"]}]},{\"@type\":\"ImageObject\",\"inLanguage\":\"es\",\"@id\":\"https:\/\/autotranscais.com\/es\/recuperacion-movil\/#primaryimage\",\"url\":\"https:\/\/autotranscais.com\/wp-content\/uploads\/2020\/09\/ft_top_desemp.png\",\"contentUrl\":\"https:\/\/autotranscais.com\/wp-content\/uploads\/2020\/09\/ft_top_desemp.png\",\"width\":1920,\"height\":212},{\"@type\":\"BreadcrumbList\",\"@id\":\"https:\/\/autotranscais.com\/es\/recuperacion-movil\/#breadcrumb\",\"itemListElement\":[{\"@type\":\"ListItem\",\"position\":1,\"name\":\"In\u00edcio\",\"item\":\"https:\/\/autotranscais.com\/es\/\"},{\"@type\":\"ListItem\",\"position\":2,\"name\":\"Recuperaci\u00f3n m\u00f3vil\"}]},{\"@type\":\"WebSite\",\"@id\":\"https:\/\/autotranscais.com\/es\/#website\",\"url\":\"https:\/\/autotranscais.com\/es\/\",\"name\":\"AutoTranscais\",\"description\":\"Transportes Rodovi\u00e1rios, Reboque, Oficina\",\"publisher\":{\"@id\":\"https:\/\/autotranscais.com\/es\/#organization\"},\"potentialAction\":[{\"@type\":\"SearchAction\",\"target\":{\"@type\":\"EntryPoint\",\"urlTemplate\":\"https:\/\/autotranscais.com\/es\/?s={search_term_string}\"},\"query-input\":{\"@type\":\"PropertyValueSpecification\",\"valueRequired\":true,\"valueName\":\"search_term_string\"}}],\"inLanguage\":\"es\"},{\"@type\":\"Organization\",\"@id\":\"https:\/\/autotranscais.com\/es\/#organization\",\"name\":\"AutoTranscais\",\"url\":\"https:\/\/autotranscais.com\/es\/\",\"logo\":{\"@type\":\"ImageObject\",\"inLanguage\":\"es\",\"@id\":\"https:\/\/autotranscais.com\/es\/#\/schema\/logo\/image\/\",\"url\":\"https:\/\/autotranscais.com\/wp-content\/uploads\/2020\/09\/Ativo-1@3x.png\",\"contentUrl\":\"https:\/\/autotranscais.com\/wp-content\/uploads\/2020\/09\/Ativo-1@3x.png\",\"width\":360,\"height\":162,\"caption\":\"AutoTranscais\"},\"image\":{\"@id\":\"https:\/\/autotranscais.com\/es\/#\/schema\/logo\/image\/\"}}]}<\/script>\n<!-- \/ Yoast SEO Premium plugin. -->","yoast_head_json":{"title":"Recuperaci\u00f3n m\u00f3vil - AutoTranscais","robots":{"index":"index","follow":"follow","max-snippet":"max-snippet:-1","max-image-preview":"max-image-preview:large","max-video-preview":"max-video-preview:-1"},"canonical":"https:\/\/autotranscais.com\/es\/recuperacion-movil\/","og_locale":"es_ES","og_type":"article","og_title":"Recuperaci\u00f3n m\u00f3vil","og_description":"[vc_row el_class=\u00bbcontainer\u00bb css=\u00bb.vc_custom_1459007376178{margin-bottom: 9px !important;padding-right: 0px !important;padding-left: 0px !important;}\u00bb][vc_column][vc_empty_space height=\u00bb64px\u00bb][vc_single_image image=\u00bb2321&#8243; img_size=\u00bbfull\u00bb alignment=\u00bbcenter\u00bb][\/vc_column][\/vc_row][vc_row full_width=\u00bbstretch_row\u00bb el_class=\u00bbbackgroundtopleft\u00bb css=\u00bb.vc_custom_1718370077708{padding-top: 30px !important;padding-bottom: 30px !important;background-color: #f4f4f4 !important;background-position: center !important;background-repeat: no-repeat !important;background-size: cover !important;}\u00bb][vc_column][vc_row_inner el_class=\u00bbcontainer\u00bb][vc_column_inner][vc_column_text] La Importancia de la Asistencia en Carretera M\u00f3vil En primer lugar, es fundamental comprender por qu\u00e9 los servicios de asistencia en carretera m\u00f3vil son esenciales para...","og_url":"https:\/\/autotranscais.com\/es\/recuperacion-movil\/","og_site_name":"AutoTranscais","article_modified_time":"2025-08-08T10:25:01+00:00","og_image":[{"width":1920,"height":212,"url":"https:\/\/autotranscais.com\/wp-content\/uploads\/2020\/09\/ft_top_desemp.png","type":"image\/png"}],"twitter_card":"summary_large_image","twitter_misc":{"Tiempo de lectura":"1 minuto"},"schema":{"@context":"https:\/\/schema.org","@graph":[{"@type":"WebPage","@id":"https:\/\/autotranscais.com\/es\/recuperacion-movil\/","url":"https:\/\/autotranscais.com\/es\/recuperacion-movil\/","name":"Recuperaci\u00f3n m\u00f3vil - AutoTranscais","isPartOf":{"@id":"https:\/\/autotranscais.com\/es\/#website"},"primaryImageOfPage":{"@id":"https:\/\/autotranscais.com\/es\/recuperacion-movil\/#primaryimage"},"image":{"@id":"https:\/\/autotranscais.com\/es\/recuperacion-movil\/#primaryimage"},"thumbnailUrl":"https:\/\/autotranscais.com\/wp-content\/uploads\/2020\/09\/ft_top_desemp.png","datePublished":"2016-03-16T13:23:59+00:00","dateModified":"2025-08-08T10:25:01+00:00","breadcrumb":{"@id":"https:\/\/autotranscais.com\/es\/recuperacion-movil\/#breadcrumb"},"inLanguage":"es","potentialAction":[{"@type":"ReadAction","target":["https:\/\/autotranscais.com\/es\/recuperacion-movil\/"]}]},{"@type":"ImageObject","inLanguage":"es","@id":"https:\/\/autotranscais.com\/es\/recuperacion-movil\/#primaryimage","url":"https:\/\/autotranscais.com\/wp-content\/uploads\/2020\/09\/ft_top_desemp.png","contentUrl":"https:\/\/autotranscais.com\/wp-content\/uploads\/2020\/09\/ft_top_desemp.png","width":1920,"height":212},{"@type":"BreadcrumbList","@id":"https:\/\/autotranscais.com\/es\/recuperacion-movil\/#breadcrumb","itemListElement":[{"@type":"ListItem","position":1,"name":"In\u00edcio","item":"https:\/\/autotranscais.com\/es\/"},{"@type":"ListItem","position":2,"name":"Recuperaci\u00f3n m\u00f3vil"}]},{"@type":"WebSite","@id":"https:\/\/autotranscais.com\/es\/#website","url":"https:\/\/autotranscais.com\/es\/","name":"AutoTranscais","description":"Transportes Rodovi\u00e1rios, Reboque, Oficina","publisher":{"@id":"https:\/\/autotranscais.com\/es\/#organization"},"potentialAction":[{"@type":"SearchAction","target":{"@type":"EntryPoint","urlTemplate":"https:\/\/autotranscais.com\/es\/?s={search_term_string}"},"query-input":{"@type":"PropertyValueSpecification","valueRequired":true,"valueName":"search_term_string"}}],"inLanguage":"es"},{"@type":"Organization","@id":"https:\/\/autotranscais.com\/es\/#organization","name":"AutoTranscais","url":"https:\/\/autotranscais.com\/es\/","logo":{"@type":"ImageObject","inLanguage":"es","@id":"https:\/\/autotranscais.com\/es\/#\/schema\/logo\/image\/","url":"https:\/\/autotranscais.com\/wp-content\/uploads\/2020\/09\/Ativo-1@3x.png","contentUrl":"https:\/\/autotranscais.com\/wp-content\/uploads\/2020\/09\/Ativo-1@3x.png","width":360,"height":162,"caption":"AutoTranscais"},"image":{"@id":"https:\/\/autotranscais.com\/es\/#\/schema\/logo\/image\/"}}]}},"_links":{"self":[{"href":"https:\/\/autotranscais.com\/es\/wp-json\/wp\/v2\/pages\/2670","targetHints":{"allow":["GET"]}}],"collection":[{"href":"https:\/\/autotranscais.com\/es\/wp-json\/wp\/v2\/pages"}],"about":[{"href":"https:\/\/autotranscais.com\/es\/wp-json\/wp\/v2\/types\/page"}],"author":[{"embeddable":true,"href":"https:\/\/autotranscais.com\/es\/wp-json\/wp\/v2\/users\/1"}],"replies":[{"embeddable":true,"href":"https:\/\/autotranscais.com\/es\/wp-json\/wp\/v2\/comments?post=2670"}],"version-history":[{"count":5,"href":"https:\/\/autotranscais.com\/es\/wp-json\/wp\/v2\/pages\/2670\/revisions"}],"predecessor-version":[{"id":3012,"href":"https:\/\/autotranscais.com\/es\/wp-json\/wp\/v2\/pages\/2670\/revisions\/3012"}],"wp:featuredmedia":[{"embeddable":true,"href":"https:\/\/autotranscais.com\/es\/wp-json\/wp\/v2\/media\/2330"}],"wp:attachment":[{"href":"https:\/\/autotranscais.com\/es\/wp-json\/wp\/v2\/media?parent=2670"}],"curies":[{"name":"wp","href":"https:\/\/api.w.org\/{rel}","templated":true}]}}